{"id":523,"date":"2023-08-03T15:30:27","date_gmt":"2023-08-03T15:30:27","guid":{"rendered":"http:\/\/liquencentroculturalvillarrica.cl\/?page_id=523"},"modified":"2023-12-27T19:52:15","modified_gmt":"2023-12-27T19:52:15","slug":"preguntas-frecuentes","status":"publish","type":"page","link":"https:\/\/liquencentroculturalvillarrica.cl\/?page_id=523","title":{"rendered":"Preguntas frecuentes"},"content":{"rendered":"\n<div style=\"height:70px\" aria-hidden=\"true\" class=\"wp-block-spacer\"><\/div>\n\n\n\n<h1 class=\"wp-block-heading alignwide has-text-align-center\"><mark style=\"background-color:rgba(0, 0, 0, 0)\" class=\"has-inline-color has-neve-link-color-color\">PREGUNTAS FRECUENTES<\/mark><\/h1>\n\n\n\n<hr class=\"wp-block-separator alignwide has-text-color has-nv-light-bg-color has-alpha-channel-opacity has-nv-light-bg-background-color has-background\"\/>\n\n\n\n<h3 class=\"wp-block-heading alignwide\"><mark style=\"background-color:rgba(0, 0, 0, 0)\" class=\"has-inline-color has-neve-link-hover-color-color\">\u00bfQu\u00e9 se realiza en el centro cultural?<\/mark><\/h3>\n\n\n\n<div class=\"wp-block-group alignwide\"><div class=\"wp-block-group__inner-container is-layout-constrained wp-block-group-is-layout-constrained\">\n<p>Realizamos actividades que obedecen a nuestra planificaci\u00f3n estrat\u00e9gica anual, la que incluye, talleres de diversa naturaleza, para lo cual contamos con sala de danza, m\u00fasica, estudio de grabaci\u00f3n y sala de artes visuales. En el sal\u00f3n de teatro presentamos diversas actividades de distinta \u00edndole, tales como presentaciones de bandas musicales, ya sea folcl\u00f3rica, de rock o lanzamientos de disco de artistas locales, de diferentes estilos de danza, obras de teatro, presentaci\u00f3n de documentales o pel\u00edculas, entre otras actividades.<\/p>\n\n\n\n<p>Estas actividades son publicadas a trav\u00e9s de nuestras redes sociales y tambi\u00e9n son enviadas v\u00eda mail a quienes lo solicitan. <\/p>\n\n\n\n<p>Solicita ser parte de nuestro p\u00fablico informado v\u00eda mail enviando un correo a <strong>centrocultural@munivillarrica.cl<\/strong> y te enviaremos nuestra cartelera junto a informaci\u00f3n relevante de Liquen.<\/p>\n\n\n\n<p>Revisa nuestra cartelera aqu\u00ed <a href=\"https:\/\/liquencentroculturalvillarrica.cl\/?page_id=176\" data-type=\"link\" data-id=\"https:\/\/liquencentroculturalvillarrica.cl\/?page_id=176\">Cartelera<\/a>.<\/p>\n<\/div><\/div>\n\n\n\n<div class=\"wp-block-group alignwide\"><div class=\"wp-block-group__inner-container is-layout-constrained wp-block-group-is-layout-constrained\">\n<h3 class=\"wp-block-heading alignwide\"><mark style=\"background-color:rgba(0, 0, 0, 0)\" class=\"has-inline-color has-neve-link-hover-color-color\">\u00bfQu\u00e9 talleres hay disponibles?<\/mark><\/h3>\n\n\n\n<p>Algunos de los talleres que hemos dictado son: taller de teatro, taller de guitarra cl\u00e1sica, taller de escritura creativa, de biodanza, batucada, danza entretenida, entre otros. Los cupos se abren, para los talleres de verano, las primeras dos semanas de enero. Y para los talleres que duran todo el a\u00f1o, las inscripciones se abren dentro del mes de marzo.<\/p>\n\n\n\n<p>Tambi\u00e9n contamos con los elencos estables como: el elenco de Danza y elenco Musical del Ballet Folcl\u00f3rico Municipal de Villarrica, Danza Contempor\u00e1nea, Orquesta Infanto Juvenil, Coro L\u00edrico y Coro Infanto Juvenil. Para poder ingresar a uno de ellos se debe realizar una audici\u00f3n con el monitor de dicho elenco en caso de que se soliciten nuevos participantes, las cuales informamos con anticipaci\u00f3n en nuestras redes sociales.<\/p>\n\n\n\n<p>Nuestro tel\u00e9fono de contacto es <strong>+56 9 7493 6797<\/strong><\/p>\n\n\n\n<p>Atenci\u00f3n telef\u00f3nica de martes a s\u00e1bado; de 9:00 a 14:00 hrs y 15:00 a 20:00 hrs.<\/p>\n\n\n\n<h3 class=\"wp-block-heading\"><mark style=\"background-color:rgba(0, 0, 0, 0)\" class=\"has-inline-color has-neve-link-hover-color-color\">\u00bfQu\u00e9 duraci\u00f3n tienen los talleres?<\/mark><\/h3>\n\n\n\n<p>La duraci\u00f3n de los talleres es diversa, tenemos algunos que se han transformado en Elencos Estables del Liquen y que funcionan durante todo el a\u00f1o y se detienen solo durante las vacaciones de verano. (enero &#8211; febrero). La mayor\u00eda de los talleres comienzan en marzo y terminan a fines de noviembre. Tambi\u00e9n est\u00e1n los talleres de verano que duran cerca de 1 mes y medio. En ocasiones nos adjudicamos un FNDR y con esos fondos podemos abrir m\u00e1s talleres, pero que duran alrededor de 3 meses.<\/p>\n<\/div><\/div>\n\n\n\n<div class=\"wp-block-group alignwide\"><div class=\"wp-block-group__inner-container is-layout-constrained wp-block-group-is-layout-constrained\">\n<h3 class=\"wp-block-heading\"><mark style=\"background-color:rgba(0, 0, 0, 0)\" class=\"has-inline-color has-neve-link-hover-color-color\">\u00bfDesde qu\u00e9 edad puedo participar?<\/mark><\/h3>\n\n\n\n<p>Dependiendo de la naturaleza del taller se informan los l\u00edmites de edad para los talleres, pero Liquen siempre tiene disponibilidad para todos los rangos etarios.<\/p>\n<\/div><\/div>\n\n\n\n<div class=\"wp-block-group alignwide\"><div class=\"wp-block-group__inner-container is-layout-constrained wp-block-group-is-layout-constrained\">\n<h3 class=\"wp-block-heading\"><mark style=\"background-color:rgba(0, 0, 0, 0)\" class=\"has-inline-color has-neve-link-hover-color-color\">\u00bfSe pueden solicitar espacios?<\/mark><\/h3>\n\n\n\n<p>S\u00ed, se pueden solicitar espacios dentro del Centro Cultural para su arriendo, para esto el solicitante debe contactarnos formalmente v\u00eda email y llenar un formulario que tenemos para estos fines.<\/p>\n\n\n\n<p>En nuestra sala de m\u00fasica tenemos un piano de pared que puede ser solicitado sin costo alguno siempre y cuando se encuentre disponible la sala. Solo debe dar sus datos personales.<\/p>\n\n\n\n<h3 class=\"wp-block-heading\"><mark style=\"background-color:rgba(0, 0, 0, 0)\" class=\"has-inline-color has-neve-link-hover-color-color\">\u00bfQu\u00e9 novedades hay?<\/mark><\/h3>\n\n\n\n<p>Siempre hay novedades en el Centro Cultural Municipal, estamos permanentemente buscando las m\u00e1s diversas formas de expresi\u00f3n art\u00edstica, lo que nos ha significado una agenda anual muy variada a la que puedes acceder en esta misma p\u00e1gina.<\/p>\n<\/div><\/div>\n\n\n\n<div style=\"height:40px\" aria-hidden=\"true\" class=\"wp-block-spacer\"><\/div>\n\n\n\n<hr class=\"wp-block-separator alignwide has-text-color has-nv-light-bg-color has-alpha-channel-opacity has-nv-light-bg-background-color has-background\"\/>\n\n\n\n<div style=\"height:40px\" aria-hidden=\"true\" class=\"wp-block-spacer\"><\/div>\n\n\n\n<div class=\"wp-block-columns alignwide is-layout-flex wp-container-core-columns-is-layout-9d6595d7 wp-block-columns-is-layout-flex\">\n<div class=\"wp-block-column is-layout-flow wp-block-column-is-layout-flow\"><div class=\"wp-block-image\">\n<figure class=\"aligncenter size-full is-resized\"><a href=\"https:\/\/liquencentroculturalvillarrica.cl\/?page_id=174\"><img loading=\"lazy\" decoding=\"async\" width=\"994\" height=\"994\" src=\"https:\/\/liquencentroculturalvillarrica.cl\/wp-content\/uploads\/2023\/10\/talleres.png\" alt=\"\" class=\"wp-image-1354\" style=\"width:202px\" srcset=\"https:\/\/liquencentroculturalvillarrica.cl\/wp-content\/uploads\/2023\/10\/talleres.png 994w, https:\/\/liquencentroculturalvillarrica.cl\/wp-content\/uploads\/2023\/10\/talleres-300x300.png 300w, https:\/\/liquencentroculturalvillarrica.cl\/wp-content\/uploads\/2023\/10\/talleres-150x150.png 150w, https:\/\/liquencentroculturalvillarrica.cl\/wp-content\/uploads\/2023\/10\/talleres-768x768.png 768w\" sizes=\"auto, (max-width: 994px) 100vw, 994px\" \/><\/a><\/figure>\n<\/div>\n\n\n<div style=\"height:40px\" aria-hidden=\"true\" class=\"wp-block-spacer\"><\/div>\n\n\n\n<div class=\"wp-block-buttons is-content-justification-center is-layout-flex wp-container-core-buttons-is-layout-16018d1d wp-block-buttons-is-layout-flex\">\n<div class=\"wp-block-button is-style-primary\"><a class=\"wp-block-button__link wp-element-button\" href=\"https:\/\/liquencentroculturalvillarrica.cl\/?page_id=174\">QUIENES SOMOS<\/a><\/div>\n<\/div>\n<\/div>\n\n\n\n<div class=\"wp-block-column is-layout-flow wp-block-column-is-layout-flow\"><div class=\"wp-block-image\">\n<figure class=\"aligncenter size-full is-resized\"><a href=\"https:\/\/liquencentroculturalvillarrica.cl\/?page_id=119\"><img loading=\"lazy\" decoding=\"async\" width=\"994\" height=\"994\" src=\"https:\/\/liquencentroculturalvillarrica.cl\/wp-content\/uploads\/2023\/10\/Recurso-9.png\" alt=\"\" class=\"wp-image-1356\" style=\"width:202px\" srcset=\"https:\/\/liquencentroculturalvillarrica.cl\/wp-content\/uploads\/2023\/10\/Recurso-9.png 994w, https:\/\/liquencentroculturalvillarrica.cl\/wp-content\/uploads\/2023\/10\/Recurso-9-300x300.png 300w, https:\/\/liquencentroculturalvillarrica.cl\/wp-content\/uploads\/2023\/10\/Recurso-9-150x150.png 150w, https:\/\/liquencentroculturalvillarrica.cl\/wp-content\/uploads\/2023\/10\/Recurso-9-768x768.png 768w\" sizes=\"auto, (max-width: 994px) 100vw, 994px\" \/><\/a><\/figure>\n<\/div>\n\n\n<div style=\"height:40px\" aria-hidden=\"true\" class=\"wp-block-spacer\"><\/div>\n\n\n\n<div class=\"wp-block-buttons is-content-justification-center is-layout-flex wp-container-core-buttons-is-layout-16018d1d wp-block-buttons-is-layout-flex\">\n<div class=\"wp-block-button is-style-primary\"><a class=\"wp-block-button__link wp-element-button\" href=\"https:\/\/liquencentroculturalvillarrica.cl\/?page_id=119\">SERVICIOS Y SOLICITUDES<\/a><\/div>\n<\/div>\n<\/div>\n\n\n\n<div class=\"wp-block-column is-layout-flow wp-block-column-is-layout-flow\"><div class=\"wp-block-image\">\n<figure class=\"aligncenter size-full is-resized\"><a href=\"https:\/\/liquencentroculturalvillarrica.cl\/?page_id=177\"><img loading=\"lazy\" decoding=\"async\" width=\"994\" height=\"994\" src=\"https:\/\/liquencentroculturalvillarrica.cl\/wp-content\/uploads\/2023\/10\/Recurso-11.png\" alt=\"\" class=\"wp-image-1358\" style=\"width:202px\" srcset=\"https:\/\/liquencentroculturalvillarrica.cl\/wp-content\/uploads\/2023\/10\/Recurso-11.png 994w, https:\/\/liquencentroculturalvillarrica.cl\/wp-content\/uploads\/2023\/10\/Recurso-11-300x300.png 300w, https:\/\/liquencentroculturalvillarrica.cl\/wp-content\/uploads\/2023\/10\/Recurso-11-150x150.png 150w, https:\/\/liquencentroculturalvillarrica.cl\/wp-content\/uploads\/2023\/10\/Recurso-11-768x768.png 768w\" sizes=\"auto, (max-width: 994px) 100vw, 994px\" \/><\/a><\/figure>\n<\/div>\n\n\n<div style=\"height:40px\" aria-hidden=\"true\" class=\"wp-block-spacer\"><\/div>\n\n\n\n<div class=\"wp-block-buttons is-content-justification-center is-layout-flex wp-container-core-buttons-is-layout-16018d1d wp-block-buttons-is-layout-flex\">\n<div class=\"wp-block-button is-style-primary\"><a class=\"wp-block-button__link has-text-align-center wp-element-button\" href=\"https:\/\/liquencentroculturalvillarrica.cl\/?page_id=177\">INFORMACI\u00d3N PR\u00c1CTICA<\/a><\/div>\n<\/div>\n<\/div>\n<\/div>\n\n\n\n<div style=\"height:80px\" aria-hidden=\"true\" class=\"wp-block-spacer\"><\/div>\n\n\n\n<div class=\"wp-block-columns alignwide is-layout-flex wp-container-core-columns-is-layout-9d6595d7 wp-block-columns-is-layout-flex\">\n<div class=\"wp-block-column is-layout-flow wp-block-column-is-layout-flow\">\n<figure class=\"wp-block-image size-large is-resized\"><a href=\"https:\/\/www.munivillarrica.cl\/\"><img loading=\"lazy\" decoding=\"async\" width=\"1024\" height=\"392\" src=\"https:\/\/liquencentroculturalvillarrica.cl\/wp-content\/uploads\/2023\/08\/aplicaciones_horizontal_VIM-01-1024x392.png\" alt=\"\" class=\"wp-image-679\" style=\"width:300px\" srcset=\"https:\/\/liquencentroculturalvillarrica.cl\/wp-content\/uploads\/2023\/08\/aplicaciones_horizontal_VIM-01-1024x392.png 1024w, https:\/\/liquencentroculturalvillarrica.cl\/wp-content\/uploads\/2023\/08\/aplicaciones_horizontal_VIM-01-300x115.png 300w, https:\/\/liquencentroculturalvillarrica.cl\/wp-content\/uploads\/2023\/08\/aplicaciones_horizontal_VIM-01-768x294.png 768w, https:\/\/liquencentroculturalvillarrica.cl\/wp-content\/uploads\/2023\/08\/aplicaciones_horizontal_VIM-01-1536x587.png 1536w, https:\/\/liquencentroculturalvillarrica.cl\/wp-content\/uploads\/2023\/08\/aplicaciones_horizontal_VIM-01-2048x783.png 2048w\" sizes=\"auto, (max-width: 1024px) 100vw, 1024px\" \/><\/a><\/figure>\n<\/div>\n\n\n\n<div class=\"wp-block-column is-layout-flow wp-block-column-is-layout-flow\"><\/div>\n\n\n\n<div class=\"wp-block-column is-layout-flow wp-block-column-is-layout-flow\"><div class=\"wp-block-image\">\n<figure class=\"alignright size-full is-resized\"><img loading=\"lazy\" decoding=\"async\" width=\"870\" height=\"274\" src=\"https:\/\/liquencentroculturalvillarrica.cl\/wp-content\/uploads\/2023\/09\/Recurso-1.png\" alt=\"\" class=\"wp-image-1124\" style=\"width:300px\" srcset=\"https:\/\/liquencentroculturalvillarrica.cl\/wp-content\/uploads\/2023\/09\/Recurso-1.png 870w, https:\/\/liquencentroculturalvillarrica.cl\/wp-content\/uploads\/2023\/09\/Recurso-1-300x94.png 300w, https:\/\/liquencentroculturalvillarrica.cl\/wp-content\/uploads\/2023\/09\/Recurso-1-768x242.png 768w\" sizes=\"auto, (max-width: 870px) 100vw, 870px\" \/><\/figure>\n<\/div><\/div>\n<\/div>\n\n\n\n<figure class=\"wp-block-image alignfull size-large\"><img loading=\"lazy\" decoding=\"async\" width=\"1024\" height=\"25\" src=\"https:\/\/liquencentroculturalvillarrica.cl\/wp-content\/uploads\/2023\/07\/Recurso-1-1024x25.png\" alt=\"\" class=\"wp-image-331\" srcset=\"https:\/\/liquencentroculturalvillarrica.cl\/wp-content\/uploads\/2023\/07\/Recurso-1-1024x25.png 1024w, https:\/\/liquencentroculturalvillarrica.cl\/wp-content\/uploads\/2023\/07\/Recurso-1-300x7.png 300w, https:\/\/liquencentroculturalvillarrica.cl\/wp-content\/uploads\/2023\/07\/Recurso-1-768x19.png 768w, https:\/\/liquencentroculturalvillarrica.cl\/wp-content\/uploads\/2023\/07\/Recurso-1.png 1350w\" sizes=\"auto, (max-width: 1024px) 100vw, 1024px\" \/><\/figure>\n","protected":false},"excerpt":{"rendered":"<p>PREGUNTAS FRECUENTES \u00bfQu\u00e9 se realiza en el centro cultural? Realizamos actividades que obedecen a nuestra planificaci\u00f3n estrat\u00e9gica anual, la que incluye, talleres de diversa naturaleza, para lo cual contamos con sala de danza, m\u00fasica, estudio de grabaci\u00f3n y sala de artes visuales. En el sal\u00f3n de teatro presentamos diversas actividades de distinta \u00edndole, tales como&hellip;&nbsp;<a href=\"https:\/\/liquencentroculturalvillarrica.cl\/?page_id=523\" rel=\"bookmark\">Leer m\u00e1s &raquo;<span class=\"screen-reader-text\">Preguntas frecuentes<\/span><\/a><\/p>\n","protected":false},"author":1,"featured_media":0,"parent":0,"menu_order":0,"comment_status":"closed","ping_status":"closed","template":"","meta":{"neve_meta_sidebar":"","neve_meta_container":"","neve_meta_enable_content_width":"","neve_meta_content_width":0,"neve_meta_title_alignment":"","neve_meta_author_avatar":"","neve_post_elements_order":"","neve_meta_disable_header":"","neve_meta_disable_footer":"","neve_meta_disable_title":"","footnotes":""},"class_list":["post-523","page","type-page","status-publish","hentry"],"yoast_head":"<!-- This site is optimized with the Yoast SEO plugin v26.7 - https:\/\/yoast.com\/wordpress\/plugins\/seo\/ -->\n<title>Preguntas frecuentes - Liquen Centro Cultural<\/title>\n<meta name=\"robots\" content=\"index, follow, max-snippet:-1, max-image-preview:large, max-video-preview:-1\" \/>\n<link rel=\"canonical\" href=\"https:\/\/liquencentroculturalvillarrica.cl\/?page_id=523\" \/>\n<meta property=\"og:locale\" content=\"es_ES\" \/>\n<meta property=\"og:type\" content=\"article\" \/>\n<meta property=\"og:title\" content=\"Preguntas frecuentes - Liquen Centro Cultural\" \/>\n<meta property=\"og:description\" content=\"PREGUNTAS FRECUENTES \u00bfQu\u00e9 se realiza en el centro cultural? Realizamos actividades que obedecen a nuestra planificaci\u00f3n estrat\u00e9gica anual, la que incluye, talleres de diversa naturaleza, para lo cual contamos con sala de danza, m\u00fasica, estudio de grabaci\u00f3n y sala de artes visuales. En el sal\u00f3n de teatro presentamos diversas actividades de distinta \u00edndole, tales como&hellip;&nbsp;Leer m\u00e1s &raquo;Preguntas frecuentes\" \/>\n<meta property=\"og:url\" content=\"https:\/\/liquencentroculturalvillarrica.cl\/?page_id=523\" \/>\n<meta property=\"og:site_name\" content=\"Liquen Centro Cultural\" \/>\n<meta property=\"article:publisher\" content=\"https:\/\/www.facebook.com\/profile.php?id=100085283714609\" \/>\n<meta property=\"article:modified_time\" content=\"2023-12-27T19:52:15+00:00\" \/>\n<meta property=\"og:image\" content=\"http:\/\/liquencentroculturalvillarrica.cl\/wp-content\/uploads\/2023\/10\/talleres.png\" \/>\n<meta name=\"twitter:card\" content=\"summary_large_image\" \/>\n<meta name=\"twitter:label1\" content=\"Tiempo de lectura\" \/>\n\t<meta name=\"twitter:data1\" content=\"3 minutos\" \/>\n<script type=\"application\/ld+json\" class=\"yoast-schema-graph\">{\"@context\":\"https:\/\/schema.org\",\"@graph\":[{\"@type\":\"WebPage\",\"@id\":\"https:\/\/liquencentroculturalvillarrica.cl\/?page_id=523\",\"url\":\"https:\/\/liquencentroculturalvillarrica.cl\/?page_id=523\",\"name\":\"Preguntas frecuentes - Liquen Centro Cultural\",\"isPartOf\":{\"@id\":\"https:\/\/liquencentroculturalvillarrica.cl\/#website\"},\"primaryImageOfPage\":{\"@id\":\"https:\/\/liquencentroculturalvillarrica.cl\/?page_id=523#primaryimage\"},\"image\":{\"@id\":\"https:\/\/liquencentroculturalvillarrica.cl\/?page_id=523#primaryimage\"},\"thumbnailUrl\":\"http:\/\/liquencentroculturalvillarrica.cl\/wp-content\/uploads\/2023\/10\/talleres.png\",\"datePublished\":\"2023-08-03T15:30:27+00:00\",\"dateModified\":\"2023-12-27T19:52:15+00:00\",\"breadcrumb\":{\"@id\":\"https:\/\/liquencentroculturalvillarrica.cl\/?page_id=523#breadcrumb\"},\"inLanguage\":\"es\",\"potentialAction\":[{\"@type\":\"ReadAction\",\"target\":[\"https:\/\/liquencentroculturalvillarrica.cl\/?page_id=523\"]}]},{\"@type\":\"ImageObject\",\"inLanguage\":\"es\",\"@id\":\"https:\/\/liquencentroculturalvillarrica.cl\/?page_id=523#primaryimage\",\"url\":\"http:\/\/liquencentroculturalvillarrica.cl\/wp-content\/uploads\/2023\/10\/talleres.png\",\"contentUrl\":\"http:\/\/liquencentroculturalvillarrica.cl\/wp-content\/uploads\/2023\/10\/talleres.png\"},{\"@type\":\"BreadcrumbList\",\"@id\":\"https:\/\/liquencentroculturalvillarrica.cl\/?page_id=523#breadcrumb\",\"itemListElement\":[{\"@type\":\"ListItem\",\"position\":1,\"name\":\"Portada\",\"item\":\"https:\/\/liquencentroculturalvillarrica.cl\/\"},{\"@type\":\"ListItem\",\"position\":2,\"name\":\"Preguntas frecuentes\"}]},{\"@type\":\"WebSite\",\"@id\":\"https:\/\/liquencentroculturalvillarrica.cl\/#website\",\"url\":\"https:\/\/liquencentroculturalvillarrica.cl\/\",\"name\":\"Liquen Centro Cultural\",\"description\":\"\",\"publisher\":{\"@id\":\"https:\/\/liquencentroculturalvillarrica.cl\/#organization\"},\"potentialAction\":[{\"@type\":\"SearchAction\",\"target\":{\"@type\":\"EntryPoint\",\"urlTemplate\":\"https:\/\/liquencentroculturalvillarrica.cl\/?s={search_term_string}\"},\"query-input\":{\"@type\":\"PropertyValueSpecification\",\"valueRequired\":true,\"valueName\":\"search_term_string\"}}],\"inLanguage\":\"es\"},{\"@type\":\"Organization\",\"@id\":\"https:\/\/liquencentroculturalvillarrica.cl\/#organization\",\"name\":\"Liquen Centro Cultural\",\"url\":\"https:\/\/liquencentroculturalvillarrica.cl\/\",\"logo\":{\"@type\":\"ImageObject\",\"inLanguage\":\"es\",\"@id\":\"https:\/\/liquencentroculturalvillarrica.cl\/#\/schema\/logo\/image\/\",\"url\":\"https:\/\/liquencentroculturalvillarrica.cl\/wp-content\/uploads\/2023\/07\/Marca-Liquen-Centro-Cultural-Municipal-Villarrica2-1_Mesa-de-trabajo-1.png\",\"contentUrl\":\"https:\/\/liquencentroculturalvillarrica.cl\/wp-content\/uploads\/2023\/07\/Marca-Liquen-Centro-Cultural-Municipal-Villarrica2-1_Mesa-de-trabajo-1.png\",\"width\":3300,\"height\":2550,\"caption\":\"Liquen Centro Cultural\"},\"image\":{\"@id\":\"https:\/\/liquencentroculturalvillarrica.cl\/#\/schema\/logo\/image\/\"},\"sameAs\":[\"https:\/\/www.facebook.com\/profile.php?id=100085283714609\",\"https:\/\/www.instagram.com\/villarricacentrocultural\/\",\"https:\/\/www.youtube.com\/channel\/UCQCChCLB8KB4ckeIXmpHNQw\"]}]}<\/script>\n<!-- \/ Yoast SEO plugin. -->","yoast_head_json":{"title":"Preguntas frecuentes - Liquen Centro Cultural","robots":{"index":"index","follow":"follow","max-snippet":"max-snippet:-1","max-image-preview":"max-image-preview:large","max-video-preview":"max-video-preview:-1"},"canonical":"https:\/\/liquencentroculturalvillarrica.cl\/?page_id=523","og_locale":"es_ES","og_type":"article","og_title":"Preguntas frecuentes - Liquen Centro Cultural","og_description":"PREGUNTAS FRECUENTES \u00bfQu\u00e9 se realiza en el centro cultural? Realizamos actividades que obedecen a nuestra planificaci\u00f3n estrat\u00e9gica anual, la que incluye, talleres de diversa naturaleza, para lo cual contamos con sala de danza, m\u00fasica, estudio de grabaci\u00f3n y sala de artes visuales. En el sal\u00f3n de teatro presentamos diversas actividades de distinta \u00edndole, tales como&hellip;&nbsp;Leer m\u00e1s &raquo;Preguntas frecuentes","og_url":"https:\/\/liquencentroculturalvillarrica.cl\/?page_id=523","og_site_name":"Liquen Centro Cultural","article_publisher":"https:\/\/www.facebook.com\/profile.php?id=100085283714609","article_modified_time":"2023-12-27T19:52:15+00:00","og_image":[{"url":"http:\/\/liquencentroculturalvillarrica.cl\/wp-content\/uploads\/2023\/10\/talleres.png","type":"","width":"","height":""}],"twitter_card":"summary_large_image","twitter_misc":{"Tiempo de lectura":"3 minutos"},"schema":{"@context":"https:\/\/schema.org","@graph":[{"@type":"WebPage","@id":"https:\/\/liquencentroculturalvillarrica.cl\/?page_id=523","url":"https:\/\/liquencentroculturalvillarrica.cl\/?page_id=523","name":"Preguntas frecuentes - Liquen Centro Cultural","isPartOf":{"@id":"https:\/\/liquencentroculturalvillarrica.cl\/#website"},"primaryImageOfPage":{"@id":"https:\/\/liquencentroculturalvillarrica.cl\/?page_id=523#primaryimage"},"image":{"@id":"https:\/\/liquencentroculturalvillarrica.cl\/?page_id=523#primaryimage"},"thumbnailUrl":"http:\/\/liquencentroculturalvillarrica.cl\/wp-content\/uploads\/2023\/10\/talleres.png","datePublished":"2023-08-03T15:30:27+00:00","dateModified":"2023-12-27T19:52:15+00:00","breadcrumb":{"@id":"https:\/\/liquencentroculturalvillarrica.cl\/?page_id=523#breadcrumb"},"inLanguage":"es","potentialAction":[{"@type":"ReadAction","target":["https:\/\/liquencentroculturalvillarrica.cl\/?page_id=523"]}]},{"@type":"ImageObject","inLanguage":"es","@id":"https:\/\/liquencentroculturalvillarrica.cl\/?page_id=523#primaryimage","url":"http:\/\/liquencentroculturalvillarrica.cl\/wp-content\/uploads\/2023\/10\/talleres.png","contentUrl":"http:\/\/liquencentroculturalvillarrica.cl\/wp-content\/uploads\/2023\/10\/talleres.png"},{"@type":"BreadcrumbList","@id":"https:\/\/liquencentroculturalvillarrica.cl\/?page_id=523#breadcrumb","itemListElement":[{"@type":"ListItem","position":1,"name":"Portada","item":"https:\/\/liquencentroculturalvillarrica.cl\/"},{"@type":"ListItem","position":2,"name":"Preguntas frecuentes"}]},{"@type":"WebSite","@id":"https:\/\/liquencentroculturalvillarrica.cl\/#website","url":"https:\/\/liquencentroculturalvillarrica.cl\/","name":"Liquen Centro Cultural","description":"","publisher":{"@id":"https:\/\/liquencentroculturalvillarrica.cl\/#organization"},"potentialAction":[{"@type":"SearchAction","target":{"@type":"EntryPoint","urlTemplate":"https:\/\/liquencentroculturalvillarrica.cl\/?s={search_term_string}"},"query-input":{"@type":"PropertyValueSpecification","valueRequired":true,"valueName":"search_term_string"}}],"inLanguage":"es"},{"@type":"Organization","@id":"https:\/\/liquencentroculturalvillarrica.cl\/#organization","name":"Liquen Centro Cultural","url":"https:\/\/liquencentroculturalvillarrica.cl\/","logo":{"@type":"ImageObject","inLanguage":"es","@id":"https:\/\/liquencentroculturalvillarrica.cl\/#\/schema\/logo\/image\/","url":"https:\/\/liquencentroculturalvillarrica.cl\/wp-content\/uploads\/2023\/07\/Marca-Liquen-Centro-Cultural-Municipal-Villarrica2-1_Mesa-de-trabajo-1.png","contentUrl":"https:\/\/liquencentroculturalvillarrica.cl\/wp-content\/uploads\/2023\/07\/Marca-Liquen-Centro-Cultural-Municipal-Villarrica2-1_Mesa-de-trabajo-1.png","width":3300,"height":2550,"caption":"Liquen Centro Cultural"},"image":{"@id":"https:\/\/liquencentroculturalvillarrica.cl\/#\/schema\/logo\/image\/"},"sameAs":["https:\/\/www.facebook.com\/profile.php?id=100085283714609","https:\/\/www.instagram.com\/villarricacentrocultural\/","https:\/\/www.youtube.com\/channel\/UCQCChCLB8KB4ckeIXmpHNQw"]}]}},"featured_image_src":null,"featured_image_src_square":null,"_links":{"self":[{"href":"https:\/\/liquencentroculturalvillarrica.cl\/index.php?rest_route=\/wp\/v2\/pages\/523","targetHints":{"allow":["GET"]}}],"collection":[{"href":"https:\/\/liquencentroculturalvillarrica.cl\/index.php?rest_route=\/wp\/v2\/pages"}],"about":[{"href":"https:\/\/liquencentroculturalvillarrica.cl\/index.php?rest_route=\/wp\/v2\/types\/page"}],"author":[{"embeddable":true,"href":"https:\/\/liquencentroculturalvillarrica.cl\/index.php?rest_route=\/wp\/v2\/users\/1"}],"replies":[{"embeddable":true,"href":"https:\/\/liquencentroculturalvillarrica.cl\/index.php?rest_route=%2Fwp%2Fv2%2Fcomments&post=523"}],"version-history":[{"count":38,"href":"https:\/\/liquencentroculturalvillarrica.cl\/index.php?rest_route=\/wp\/v2\/pages\/523\/revisions"}],"predecessor-version":[{"id":1982,"href":"https:\/\/liquencentroculturalvillarrica.cl\/index.php?rest_route=\/wp\/v2\/pages\/523\/revisions\/1982"}],"wp:attachment":[{"href":"https:\/\/liquencentroculturalvillarrica.cl\/index.php?rest_route=%2Fwp%2Fv2%2Fmedia&parent=523"}],"curies":[{"name":"wp","href":"https:\/\/api.w.org\/{rel}","templated":true}]}}