{"id":3438,"date":"2025-04-02T15:40:44","date_gmt":"2025-04-02T15:40:44","guid":{"rendered":"https:\/\/liquencentroculturalvillarrica.cl\/?page_id=3438"},"modified":"2025-04-11T17:52:54","modified_gmt":"2025-04-11T17:52:54","slug":"programa-de-madiacion-artistica","status":"publish","type":"page","link":"https:\/\/liquencentroculturalvillarrica.cl\/?page_id=3438","title":{"rendered":"Programa de Mediaci\u00f3n Art\u00edstica para Colegios"},"content":{"rendered":"\n<div style=\"height:35px\" aria-hidden=\"true\" class=\"wp-block-spacer\"><\/div>\n\n\n\n<div class=\"wp-block-group alignwide\"><div class=\"wp-block-group__inner-container is-layout-constrained wp-block-group-is-layout-constrained\">\n<p>El programa de mediaci\u00f3n art\u00edstica para colegios en el Centro Cultural ofrece una experiencia educativa \u00fanica, conectando a estudiantes con el arte a trav\u00e9s de visitas guiadas y actividades participativas. Nuestro objetivo es fomentar la creatividad, la reflexi\u00f3n y el aprendizaje en un entorno cultural enriquecedor. Las alianzas se han consolidado con destacados establecimientos como Epu Kley de Lic\u00e1n Ray, Colegio Voipir de \u00d1ancul, Liceo Bicentenario Araucan\u00eda, Colegio Art\u00edstico Graham Bell, Colegio Altas Cumbres, Escuela Abelardo N\u00fa\u00f1ez y Escuela Pedro Aguirre Cerda.<\/p>\n\n\n\n<p>Invitamos a los directores, encargados de extraescolar y a todos los profesores de arte interesados en incorporarse al programa a inscribirse y reservar fecha y hora para su visita escribiendo al correo&nbsp;<a href=\"mailto:exposicionesliquen@gmail.com\">exposicionesliquen@gmail.com<\/a><\/p>\n\n\n\n<p class=\"has-text-align-center\">\u00a1Exploren, aprendan y disfruten del arte con nosotros!<\/p>\n<\/div><\/div>\n\n\n\n<figure class=\"wp-block-gallery alignwide has-nested-images columns-2 is-cropped wp-block-gallery-1 is-layout-flex wp-block-gallery-is-layout-flex\">\n<figure class=\"wp-block-image size-large\"><img loading=\"lazy\" decoding=\"async\" width=\"1024\" height=\"768\" data-id=\"3428\" src=\"https:\/\/liquencentroculturalvillarrica.cl\/wp-content\/uploads\/2025\/04\/Imagen-de-WhatsApp-2025-04-01-a-las-12.43.07_6e2f9541-1024x768.jpg\" alt=\"\" class=\"wp-image-3428\" srcset=\"https:\/\/liquencentroculturalvillarrica.cl\/wp-content\/uploads\/2025\/04\/Imagen-de-WhatsApp-2025-04-01-a-las-12.43.07_6e2f9541-1024x768.jpg 1024w, https:\/\/liquencentroculturalvillarrica.cl\/wp-content\/uploads\/2025\/04\/Imagen-de-WhatsApp-2025-04-01-a-las-12.43.07_6e2f9541-300x225.jpg 300w, https:\/\/liquencentroculturalvillarrica.cl\/wp-content\/uploads\/2025\/04\/Imagen-de-WhatsApp-2025-04-01-a-las-12.43.07_6e2f9541-768x576.jpg 768w, https:\/\/liquencentroculturalvillarrica.cl\/wp-content\/uploads\/2025\/04\/Imagen-de-WhatsApp-2025-04-01-a-las-12.43.07_6e2f9541-1536x1152.jpg 1536w, https:\/\/liquencentroculturalvillarrica.cl\/wp-content\/uploads\/2025\/04\/Imagen-de-WhatsApp-2025-04-01-a-las-12.43.07_6e2f9541.jpg 1600w\" sizes=\"auto, (max-width: 1024px) 100vw, 1024px\" \/><\/figure>\n\n\n\n<figure class=\"wp-block-image size-large\"><img loading=\"lazy\" decoding=\"async\" width=\"1024\" height=\"768\" data-id=\"3429\" src=\"https:\/\/liquencentroculturalvillarrica.cl\/wp-content\/uploads\/2025\/04\/Imagen-de-WhatsApp-2025-04-01-a-las-12.43.06_eae0b012-1024x768.jpg\" alt=\"\" class=\"wp-image-3429\" srcset=\"https:\/\/liquencentroculturalvillarrica.cl\/wp-content\/uploads\/2025\/04\/Imagen-de-WhatsApp-2025-04-01-a-las-12.43.06_eae0b012-1024x768.jpg 1024w, https:\/\/liquencentroculturalvillarrica.cl\/wp-content\/uploads\/2025\/04\/Imagen-de-WhatsApp-2025-04-01-a-las-12.43.06_eae0b012-300x225.jpg 300w, https:\/\/liquencentroculturalvillarrica.cl\/wp-content\/uploads\/2025\/04\/Imagen-de-WhatsApp-2025-04-01-a-las-12.43.06_eae0b012-768x576.jpg 768w, https:\/\/liquencentroculturalvillarrica.cl\/wp-content\/uploads\/2025\/04\/Imagen-de-WhatsApp-2025-04-01-a-las-12.43.06_eae0b012-1536x1152.jpg 1536w, https:\/\/liquencentroculturalvillarrica.cl\/wp-content\/uploads\/2025\/04\/Imagen-de-WhatsApp-2025-04-01-a-las-12.43.06_eae0b012.jpg 1600w\" sizes=\"auto, (max-width: 1024px) 100vw, 1024px\" \/><\/figure>\n\n\n\n<figure class=\"wp-block-image size-large\"><img loading=\"lazy\" decoding=\"async\" width=\"1024\" height=\"768\" data-id=\"3426\" src=\"https:\/\/liquencentroculturalvillarrica.cl\/wp-content\/uploads\/2025\/04\/Imagen-de-WhatsApp-2025-04-01-a-las-12.43.09_bf7de5ca-1024x768.jpg\" alt=\"\" class=\"wp-image-3426\" srcset=\"https:\/\/liquencentroculturalvillarrica.cl\/wp-content\/uploads\/2025\/04\/Imagen-de-WhatsApp-2025-04-01-a-las-12.43.09_bf7de5ca-1024x768.jpg 1024w, https:\/\/liquencentroculturalvillarrica.cl\/wp-content\/uploads\/2025\/04\/Imagen-de-WhatsApp-2025-04-01-a-las-12.43.09_bf7de5ca-300x225.jpg 300w, https:\/\/liquencentroculturalvillarrica.cl\/wp-content\/uploads\/2025\/04\/Imagen-de-WhatsApp-2025-04-01-a-las-12.43.09_bf7de5ca-768x576.jpg 768w, https:\/\/liquencentroculturalvillarrica.cl\/wp-content\/uploads\/2025\/04\/Imagen-de-WhatsApp-2025-04-01-a-las-12.43.09_bf7de5ca-1536x1152.jpg 1536w, https:\/\/liquencentroculturalvillarrica.cl\/wp-content\/uploads\/2025\/04\/Imagen-de-WhatsApp-2025-04-01-a-las-12.43.09_bf7de5ca.jpg 1600w\" sizes=\"auto, (max-width: 1024px) 100vw, 1024px\" \/><\/figure>\n\n\n\n<figure class=\"wp-block-image size-large\"><img loading=\"lazy\" decoding=\"async\" width=\"1024\" height=\"768\" data-id=\"3431\" src=\"https:\/\/liquencentroculturalvillarrica.cl\/wp-content\/uploads\/2025\/04\/Imagen-de-WhatsApp-2025-04-01-a-las-12.43.08_73342450-1024x768.jpg\" alt=\"\" class=\"wp-image-3431\" srcset=\"https:\/\/liquencentroculturalvillarrica.cl\/wp-content\/uploads\/2025\/04\/Imagen-de-WhatsApp-2025-04-01-a-las-12.43.08_73342450-1024x768.jpg 1024w, https:\/\/liquencentroculturalvillarrica.cl\/wp-content\/uploads\/2025\/04\/Imagen-de-WhatsApp-2025-04-01-a-las-12.43.08_73342450-300x225.jpg 300w, https:\/\/liquencentroculturalvillarrica.cl\/wp-content\/uploads\/2025\/04\/Imagen-de-WhatsApp-2025-04-01-a-las-12.43.08_73342450-768x576.jpg 768w, https:\/\/liquencentroculturalvillarrica.cl\/wp-content\/uploads\/2025\/04\/Imagen-de-WhatsApp-2025-04-01-a-las-12.43.08_73342450-1536x1152.jpg 1536w, https:\/\/liquencentroculturalvillarrica.cl\/wp-content\/uploads\/2025\/04\/Imagen-de-WhatsApp-2025-04-01-a-las-12.43.08_73342450.jpg 1600w\" sizes=\"auto, (max-width: 1024px) 100vw, 1024px\" \/><\/figure>\n<\/figure>\n\n\n\n<div style=\"height:35px\" aria-hidden=\"true\" class=\"wp-block-spacer\"><\/div>\n\n\n\n<p class=\"has-nv-light-bg-color has-neve-link-color-background-color has-text-color has-background has-link-color wp-elements-5339f76cd2b83982733b3e5be5236e83\">En el marco del mes del libro, hoy celebramos el \u201cD\u00eda de la Literatura Infantil\u201d. En esta ocasi\u00f3n, el grupo cuenta cuentos \u201cVen y te cuento\u201d, realizar\u00e1n lecturas a dos colegios de la ciudad que se har\u00e1n presentes, Colegio Artistico Graham Bell y Mariano Latorre. El d\u00eda internacional de la literatura infantil, se celebra el 2 de abril, natalicio de Hans Christian&nbsp;Andersen.<\/p>\n\n\n\n<div style=\"height:21px\" aria-hidden=\"true\" class=\"wp-block-spacer\"><\/div>\n\n\n\n<figure class=\"wp-block-gallery has-nested-images columns-default is-cropped wp-block-gallery-2 is-layout-flex wp-block-gallery-is-layout-flex\">\n<figure class=\"wp-block-image size-large\"><img loading=\"lazy\" decoding=\"async\" width=\"1024\" height=\"768\" data-id=\"3442\" src=\"https:\/\/liquencentroculturalvillarrica.cl\/wp-content\/uploads\/2025\/04\/IMG_4705-1-1024x768.jpg\" alt=\"\" class=\"wp-image-3442\" srcset=\"https:\/\/liquencentroculturalvillarrica.cl\/wp-content\/uploads\/2025\/04\/IMG_4705-1-1024x768.jpg 1024w, https:\/\/liquencentroculturalvillarrica.cl\/wp-content\/uploads\/2025\/04\/IMG_4705-1-300x225.jpg 300w, https:\/\/liquencentroculturalvillarrica.cl\/wp-content\/uploads\/2025\/04\/IMG_4705-1-768x576.jpg 768w, https:\/\/liquencentroculturalvillarrica.cl\/wp-content\/uploads\/2025\/04\/IMG_4705-1-1536x1152.jpg 1536w, https:\/\/liquencentroculturalvillarrica.cl\/wp-content\/uploads\/2025\/04\/IMG_4705-1-2048x1536.jpg 2048w\" sizes=\"auto, (max-width: 1024px) 100vw, 1024px\" \/><\/figure>\n\n\n\n<figure class=\"wp-block-image size-large\"><img loading=\"lazy\" decoding=\"async\" width=\"1024\" height=\"768\" data-id=\"3443\" src=\"https:\/\/liquencentroculturalvillarrica.cl\/wp-content\/uploads\/2025\/04\/IMG_4706-1-1024x768.jpg\" alt=\"\" class=\"wp-image-3443\" srcset=\"https:\/\/liquencentroculturalvillarrica.cl\/wp-content\/uploads\/2025\/04\/IMG_4706-1-1024x768.jpg 1024w, https:\/\/liquencentroculturalvillarrica.cl\/wp-content\/uploads\/2025\/04\/IMG_4706-1-300x225.jpg 300w, https:\/\/liquencentroculturalvillarrica.cl\/wp-content\/uploads\/2025\/04\/IMG_4706-1-768x576.jpg 768w, https:\/\/liquencentroculturalvillarrica.cl\/wp-content\/uploads\/2025\/04\/IMG_4706-1-1536x1152.jpg 1536w, https:\/\/liquencentroculturalvillarrica.cl\/wp-content\/uploads\/2025\/04\/IMG_4706-1-2048x1536.jpg 2048w\" sizes=\"auto, (max-width: 1024px) 100vw, 1024px\" \/><\/figure>\n<\/figure>\n\n\n\n<div style=\"height:35px\" aria-hidden=\"true\" class=\"wp-block-spacer\"><\/div>\n\n\n\n<p class=\"has-nv-light-bg-background-color has-background\">Visita de los ni\u00f1os y ni\u00f1as beneficiarios del Programa Municipal 4\/7, de la Escuela Valent\u00edn\u00a0Letelier. Adem\u00e1s, los artistas del colectivo 21 Arte Taller, se reunieron con el grupo Arte Lafquen, de pintores locales, para compartir experiencias en\u00a0torno\u00a0al\u00a0arte.<\/p>\n\n\n\n<div style=\"height:35px\" aria-hidden=\"true\" class=\"wp-block-spacer\"><\/div>\n\n\n\n<figure class=\"wp-block-gallery has-nested-images columns-default is-cropped wp-block-gallery-3 is-layout-flex wp-block-gallery-is-layout-flex\">\n<figure class=\"wp-block-image size-large\"><img loading=\"lazy\" decoding=\"async\" width=\"1024\" height=\"768\" data-id=\"3508\" src=\"https:\/\/liquencentroculturalvillarrica.cl\/wp-content\/uploads\/2025\/04\/IMG_4821-1024x768.jpg\" alt=\"\" class=\"wp-image-3508\" srcset=\"https:\/\/liquencentroculturalvillarrica.cl\/wp-content\/uploads\/2025\/04\/IMG_4821-1024x768.jpg 1024w, https:\/\/liquencentroculturalvillarrica.cl\/wp-content\/uploads\/2025\/04\/IMG_4821-300x225.jpg 300w, https:\/\/liquencentroculturalvillarrica.cl\/wp-content\/uploads\/2025\/04\/IMG_4821-768x576.jpg 768w, https:\/\/liquencentroculturalvillarrica.cl\/wp-content\/uploads\/2025\/04\/IMG_4821-1536x1152.jpg 1536w, https:\/\/liquencentroculturalvillarrica.cl\/wp-content\/uploads\/2025\/04\/IMG_4821-2048x1536.jpg 2048w\" sizes=\"auto, (max-width: 1024px) 100vw, 1024px\" \/><\/figure>\n\n\n\n<figure class=\"wp-block-image size-large\"><img loading=\"lazy\" decoding=\"async\" width=\"1024\" height=\"768\" data-id=\"3509\" src=\"https:\/\/liquencentroculturalvillarrica.cl\/wp-content\/uploads\/2025\/04\/IMG_4825-1024x768.jpg\" alt=\"\" class=\"wp-image-3509\" srcset=\"https:\/\/liquencentroculturalvillarrica.cl\/wp-content\/uploads\/2025\/04\/IMG_4825-1024x768.jpg 1024w, https:\/\/liquencentroculturalvillarrica.cl\/wp-content\/uploads\/2025\/04\/IMG_4825-300x225.jpg 300w, https:\/\/liquencentroculturalvillarrica.cl\/wp-content\/uploads\/2025\/04\/IMG_4825-768x576.jpg 768w, https:\/\/liquencentroculturalvillarrica.cl\/wp-content\/uploads\/2025\/04\/IMG_4825-1536x1152.jpg 1536w, https:\/\/liquencentroculturalvillarrica.cl\/wp-content\/uploads\/2025\/04\/IMG_4825-2048x1536.jpg 2048w\" sizes=\"auto, (max-width: 1024px) 100vw, 1024px\" \/><\/figure>\n<\/figure>\n\n\n\n<div style=\"height:50px\" aria-hidden=\"true\" class=\"wp-block-spacer\"><\/div>\n","protected":false},"excerpt":{"rendered":"<p>El programa de mediaci\u00f3n art\u00edstica para colegios en el Centro Cultural ofrece una experiencia educativa \u00fanica, conectando a estudiantes con el arte a trav\u00e9s de visitas guiadas y actividades participativas. Nuestro objetivo es fomentar la creatividad, la reflexi\u00f3n y el aprendizaje en un entorno cultural enriquecedor. Las alianzas se han consolidado con destacados establecimientos como&hellip;&nbsp;<a href=\"https:\/\/liquencentroculturalvillarrica.cl\/?page_id=3438\" rel=\"bookmark\">Leer m\u00e1s &raquo;<span class=\"screen-reader-text\">Programa de Mediaci\u00f3n Art\u00edstica para Colegios<\/span><\/a><\/p>\n","protected":false},"author":1,"featured_media":0,"parent":0,"menu_order":0,"comment_status":"closed","ping_status":"closed","template":"","meta":{"neve_meta_sidebar":"","neve_meta_container":"","neve_meta_enable_content_width":"","neve_meta_content_width":0,"neve_meta_title_alignment":"","neve_meta_author_avatar":"","neve_post_elements_order":"","neve_meta_disable_header":"","neve_meta_disable_footer":"","neve_meta_disable_title":"","footnotes":""},"class_list":["post-3438","page","type-page","status-publish","hentry"],"yoast_head":"<!-- This site is optimized with the Yoast SEO plugin v26.7 - https:\/\/yoast.com\/wordpress\/plugins\/seo\/ -->\n<title>Programa de Mediaci\u00f3n Art\u00edstica para Colegios - Liquen Centro Cultural<\/title>\n<meta name=\"robots\" content=\"index, follow, max-snippet:-1, max-image-preview:large, max-video-preview:-1\" \/>\n<link rel=\"canonical\" href=\"https:\/\/liquencentroculturalvillarrica.cl\/?page_id=3438\" \/>\n<meta property=\"og:locale\" content=\"es_ES\" \/>\n<meta property=\"og:type\" content=\"article\" \/>\n<meta property=\"og:title\" content=\"Programa de Mediaci\u00f3n Art\u00edstica para Colegios - Liquen Centro Cultural\" \/>\n<meta property=\"og:description\" content=\"El programa de mediaci\u00f3n art\u00edstica para colegios en el Centro Cultural ofrece una experiencia educativa \u00fanica, conectando a estudiantes con el arte a trav\u00e9s de visitas guiadas y actividades participativas. Nuestro objetivo es fomentar la creatividad, la reflexi\u00f3n y el aprendizaje en un entorno cultural enriquecedor. Las alianzas se han consolidado con destacados establecimientos como&hellip;&nbsp;Leer m\u00e1s &raquo;Programa de Mediaci\u00f3n Art\u00edstica para Colegios\" \/>\n<meta property=\"og:url\" content=\"https:\/\/liquencentroculturalvillarrica.cl\/?page_id=3438\" \/>\n<meta property=\"og:site_name\" content=\"Liquen Centro Cultural\" \/>\n<meta property=\"article:publisher\" content=\"https:\/\/www.facebook.com\/profile.php?id=100085283714609\" \/>\n<meta property=\"article:modified_time\" content=\"2025-04-11T17:52:54+00:00\" \/>\n<meta property=\"og:image\" content=\"https:\/\/liquencentroculturalvillarrica.cl\/wp-content\/uploads\/2025\/04\/Imagen-de-WhatsApp-2025-04-01-a-las-12.43.07_6e2f9541-1024x768.jpg\" \/>\n<meta name=\"twitter:card\" content=\"summary_large_image\" \/>\n<meta name=\"twitter:label1\" content=\"Tiempo de lectura\" \/>\n\t<meta name=\"twitter:data1\" content=\"1 minuto\" \/>\n<script type=\"application\/ld+json\" class=\"yoast-schema-graph\">{\"@context\":\"https:\/\/schema.org\",\"@graph\":[{\"@type\":\"WebPage\",\"@id\":\"https:\/\/liquencentroculturalvillarrica.cl\/?page_id=3438\",\"url\":\"https:\/\/liquencentroculturalvillarrica.cl\/?page_id=3438\",\"name\":\"Programa de Mediaci\u00f3n Art\u00edstica para Colegios - Liquen Centro Cultural\",\"isPartOf\":{\"@id\":\"https:\/\/liquencentroculturalvillarrica.cl\/#website\"},\"primaryImageOfPage\":{\"@id\":\"https:\/\/liquencentroculturalvillarrica.cl\/?page_id=3438#primaryimage\"},\"image\":{\"@id\":\"https:\/\/liquencentroculturalvillarrica.cl\/?page_id=3438#primaryimage\"},\"thumbnailUrl\":\"https:\/\/liquencentroculturalvillarrica.cl\/wp-content\/uploads\/2025\/04\/Imagen-de-WhatsApp-2025-04-01-a-las-12.43.07_6e2f9541-1024x768.jpg\",\"datePublished\":\"2025-04-02T15:40:44+00:00\",\"dateModified\":\"2025-04-11T17:52:54+00:00\",\"breadcrumb\":{\"@id\":\"https:\/\/liquencentroculturalvillarrica.cl\/?page_id=3438#breadcrumb\"},\"inLanguage\":\"es\",\"potentialAction\":[{\"@type\":\"ReadAction\",\"target\":[\"https:\/\/liquencentroculturalvillarrica.cl\/?page_id=3438\"]}]},{\"@type\":\"ImageObject\",\"inLanguage\":\"es\",\"@id\":\"https:\/\/liquencentroculturalvillarrica.cl\/?page_id=3438#primaryimage\",\"url\":\"https:\/\/liquencentroculturalvillarrica.cl\/wp-content\/uploads\/2025\/04\/Imagen-de-WhatsApp-2025-04-01-a-las-12.43.07_6e2f9541.jpg\",\"contentUrl\":\"https:\/\/liquencentroculturalvillarrica.cl\/wp-content\/uploads\/2025\/04\/Imagen-de-WhatsApp-2025-04-01-a-las-12.43.07_6e2f9541.jpg\",\"width\":1600,\"height\":1200},{\"@type\":\"BreadcrumbList\",\"@id\":\"https:\/\/liquencentroculturalvillarrica.cl\/?page_id=3438#breadcrumb\",\"itemListElement\":[{\"@type\":\"ListItem\",\"position\":1,\"name\":\"Portada\",\"item\":\"https:\/\/liquencentroculturalvillarrica.cl\/\"},{\"@type\":\"ListItem\",\"position\":2,\"name\":\"Programa de Mediaci\u00f3n Art\u00edstica para Colegios\"}]},{\"@type\":\"WebSite\",\"@id\":\"https:\/\/liquencentroculturalvillarrica.cl\/#website\",\"url\":\"https:\/\/liquencentroculturalvillarrica.cl\/\",\"name\":\"Liquen Centro Cultural\",\"description\":\"\",\"publisher\":{\"@id\":\"https:\/\/liquencentroculturalvillarrica.cl\/#organization\"},\"potentialAction\":[{\"@type\":\"SearchAction\",\"target\":{\"@type\":\"EntryPoint\",\"urlTemplate\":\"https:\/\/liquencentroculturalvillarrica.cl\/?s={search_term_string}\"},\"query-input\":{\"@type\":\"PropertyValueSpecification\",\"valueRequired\":true,\"valueName\":\"search_term_string\"}}],\"inLanguage\":\"es\"},{\"@type\":\"Organization\",\"@id\":\"https:\/\/liquencentroculturalvillarrica.cl\/#organization\",\"name\":\"Liquen Centro Cultural\",\"url\":\"https:\/\/liquencentroculturalvillarrica.cl\/\",\"logo\":{\"@type\":\"ImageObject\",\"inLanguage\":\"es\",\"@id\":\"https:\/\/liquencentroculturalvillarrica.cl\/#\/schema\/logo\/image\/\",\"url\":\"https:\/\/liquencentroculturalvillarrica.cl\/wp-content\/uploads\/2023\/07\/Marca-Liquen-Centro-Cultural-Municipal-Villarrica2-1_Mesa-de-trabajo-1.png\",\"contentUrl\":\"https:\/\/liquencentroculturalvillarrica.cl\/wp-content\/uploads\/2023\/07\/Marca-Liquen-Centro-Cultural-Municipal-Villarrica2-1_Mesa-de-trabajo-1.png\",\"width\":3300,\"height\":2550,\"caption\":\"Liquen Centro Cultural\"},\"image\":{\"@id\":\"https:\/\/liquencentroculturalvillarrica.cl\/#\/schema\/logo\/image\/\"},\"sameAs\":[\"https:\/\/www.facebook.com\/profile.php?id=100085283714609\",\"https:\/\/www.instagram.com\/villarricacentrocultural\/\",\"https:\/\/www.youtube.com\/channel\/UCQCChCLB8KB4ckeIXmpHNQw\"]}]}<\/script>\n<!-- \/ Yoast SEO plugin. -->","yoast_head_json":{"title":"Programa de Mediaci\u00f3n Art\u00edstica para Colegios - Liquen Centro Cultural","robots":{"index":"index","follow":"follow","max-snippet":"max-snippet:-1","max-image-preview":"max-image-preview:large","max-video-preview":"max-video-preview:-1"},"canonical":"https:\/\/liquencentroculturalvillarrica.cl\/?page_id=3438","og_locale":"es_ES","og_type":"article","og_title":"Programa de Mediaci\u00f3n Art\u00edstica para Colegios - Liquen Centro Cultural","og_description":"El programa de mediaci\u00f3n art\u00edstica para colegios en el Centro Cultural ofrece una experiencia educativa \u00fanica, conectando a estudiantes con el arte a trav\u00e9s de visitas guiadas y actividades participativas. Nuestro objetivo es fomentar la creatividad, la reflexi\u00f3n y el aprendizaje en un entorno cultural enriquecedor. Las alianzas se han consolidado con destacados establecimientos como&hellip;&nbsp;Leer m\u00e1s &raquo;Programa de Mediaci\u00f3n Art\u00edstica para Colegios","og_url":"https:\/\/liquencentroculturalvillarrica.cl\/?page_id=3438","og_site_name":"Liquen Centro Cultural","article_publisher":"https:\/\/www.facebook.com\/profile.php?id=100085283714609","article_modified_time":"2025-04-11T17:52:54+00:00","og_image":[{"url":"https:\/\/liquencentroculturalvillarrica.cl\/wp-content\/uploads\/2025\/04\/Imagen-de-WhatsApp-2025-04-01-a-las-12.43.07_6e2f9541-1024x768.jpg","type":"","width":"","height":""}],"twitter_card":"summary_large_image","twitter_misc":{"Tiempo de lectura":"1 minuto"},"schema":{"@context":"https:\/\/schema.org","@graph":[{"@type":"WebPage","@id":"https:\/\/liquencentroculturalvillarrica.cl\/?page_id=3438","url":"https:\/\/liquencentroculturalvillarrica.cl\/?page_id=3438","name":"Programa de Mediaci\u00f3n Art\u00edstica para Colegios - Liquen Centro Cultural","isPartOf":{"@id":"https:\/\/liquencentroculturalvillarrica.cl\/#website"},"primaryImageOfPage":{"@id":"https:\/\/liquencentroculturalvillarrica.cl\/?page_id=3438#primaryimage"},"image":{"@id":"https:\/\/liquencentroculturalvillarrica.cl\/?page_id=3438#primaryimage"},"thumbnailUrl":"https:\/\/liquencentroculturalvillarrica.cl\/wp-content\/uploads\/2025\/04\/Imagen-de-WhatsApp-2025-04-01-a-las-12.43.07_6e2f9541-1024x768.jpg","datePublished":"2025-04-02T15:40:44+00:00","dateModified":"2025-04-11T17:52:54+00:00","breadcrumb":{"@id":"https:\/\/liquencentroculturalvillarrica.cl\/?page_id=3438#breadcrumb"},"inLanguage":"es","potentialAction":[{"@type":"ReadAction","target":["https:\/\/liquencentroculturalvillarrica.cl\/?page_id=3438"]}]},{"@type":"ImageObject","inLanguage":"es","@id":"https:\/\/liquencentroculturalvillarrica.cl\/?page_id=3438#primaryimage","url":"https:\/\/liquencentroculturalvillarrica.cl\/wp-content\/uploads\/2025\/04\/Imagen-de-WhatsApp-2025-04-01-a-las-12.43.07_6e2f9541.jpg","contentUrl":"https:\/\/liquencentroculturalvillarrica.cl\/wp-content\/uploads\/2025\/04\/Imagen-de-WhatsApp-2025-04-01-a-las-12.43.07_6e2f9541.jpg","width":1600,"height":1200},{"@type":"BreadcrumbList","@id":"https:\/\/liquencentroculturalvillarrica.cl\/?page_id=3438#breadcrumb","itemListElement":[{"@type":"ListItem","position":1,"name":"Portada","item":"https:\/\/liquencentroculturalvillarrica.cl\/"},{"@type":"ListItem","position":2,"name":"Programa de Mediaci\u00f3n Art\u00edstica para Colegios"}]},{"@type":"WebSite","@id":"https:\/\/liquencentroculturalvillarrica.cl\/#website","url":"https:\/\/liquencentroculturalvillarrica.cl\/","name":"Liquen Centro Cultural","description":"","publisher":{"@id":"https:\/\/liquencentroculturalvillarrica.cl\/#organization"},"potentialAction":[{"@type":"SearchAction","target":{"@type":"EntryPoint","urlTemplate":"https:\/\/liquencentroculturalvillarrica.cl\/?s={search_term_string}"},"query-input":{"@type":"PropertyValueSpecification","valueRequired":true,"valueName":"search_term_string"}}],"inLanguage":"es"},{"@type":"Organization","@id":"https:\/\/liquencentroculturalvillarrica.cl\/#organization","name":"Liquen Centro Cultural","url":"https:\/\/liquencentroculturalvillarrica.cl\/","logo":{"@type":"ImageObject","inLanguage":"es","@id":"https:\/\/liquencentroculturalvillarrica.cl\/#\/schema\/logo\/image\/","url":"https:\/\/liquencentroculturalvillarrica.cl\/wp-content\/uploads\/2023\/07\/Marca-Liquen-Centro-Cultural-Municipal-Villarrica2-1_Mesa-de-trabajo-1.png","contentUrl":"https:\/\/liquencentroculturalvillarrica.cl\/wp-content\/uploads\/2023\/07\/Marca-Liquen-Centro-Cultural-Municipal-Villarrica2-1_Mesa-de-trabajo-1.png","width":3300,"height":2550,"caption":"Liquen Centro Cultural"},"image":{"@id":"https:\/\/liquencentroculturalvillarrica.cl\/#\/schema\/logo\/image\/"},"sameAs":["https:\/\/www.facebook.com\/profile.php?id=100085283714609","https:\/\/www.instagram.com\/villarricacentrocultural\/","https:\/\/www.youtube.com\/channel\/UCQCChCLB8KB4ckeIXmpHNQw"]}]}},"featured_image_src":null,"featured_image_src_square":null,"_links":{"self":[{"href":"https:\/\/liquencentroculturalvillarrica.cl\/index.php?rest_route=\/wp\/v2\/pages\/3438","targetHints":{"allow":["GET"]}}],"collection":[{"href":"https:\/\/liquencentroculturalvillarrica.cl\/index.php?rest_route=\/wp\/v2\/pages"}],"about":[{"href":"https:\/\/liquencentroculturalvillarrica.cl\/index.php?rest_route=\/wp\/v2\/types\/page"}],"author":[{"embeddable":true,"href":"https:\/\/liquencentroculturalvillarrica.cl\/index.php?rest_route=\/wp\/v2\/users\/1"}],"replies":[{"embeddable":true,"href":"https:\/\/liquencentroculturalvillarrica.cl\/index.php?rest_route=%2Fwp%2Fv2%2Fcomments&post=3438"}],"version-history":[{"count":8,"href":"https:\/\/liquencentroculturalvillarrica.cl\/index.php?rest_route=\/wp\/v2\/pages\/3438\/revisions"}],"predecessor-version":[{"id":3511,"href":"https:\/\/liquencentroculturalvillarrica.cl\/index.php?rest_route=\/wp\/v2\/pages\/3438\/revisions\/3511"}],"wp:attachment":[{"href":"https:\/\/liquencentroculturalvillarrica.cl\/index.php?rest_route=%2Fwp%2Fv2%2Fmedia&parent=3438"}],"curies":[{"name":"wp","href":"https:\/\/api.w.org\/{rel}","templated":true}]}}