{"id":142,"date":"2023-06-14T14:08:28","date_gmt":"2023-06-14T14:08:28","guid":{"rendered":"https:\/\/jmical.cl\/wp\/?page_id=142"},"modified":"2025-11-05T16:05:35","modified_gmt":"2025-11-05T16:05:35","slug":"ultimas-noticias-de-liquen-centro-cultural","status":"publish","type":"page","link":"https:\/\/liquencentroculturalvillarrica.cl\/?page_id=142","title":{"rendered":"Noticias"},"content":{"rendered":"","protected":false},"excerpt":{"rendered":"","protected":false},"author":1,"featured_media":0,"parent":0,"menu_order":0,"comment_status":"closed","ping_status":"closed","template":"","meta":{"neve_meta_sidebar":"","neve_meta_container":"","neve_meta_enable_content_width":"","neve_meta_content_width":0,"neve_meta_title_alignment":"","neve_meta_author_avatar":"","neve_post_elements_order":"","neve_meta_disable_header":"","neve_meta_disable_footer":"","neve_meta_disable_title":"","footnotes":""},"class_list":["post-142","page","type-page","status-publish","hentry"],"yoast_head":"<!-- This site is optimized with the Yoast SEO plugin v26.7 - https:\/\/yoast.com\/wordpress\/plugins\/seo\/ -->\n<title>\u00daltimas noticias de Liquen Centro Cultural<\/title>\n<meta name=\"description\" content=\"Ent\u00e9rate de las \u00faltimas noticias sobre las actividades que se desarrollan en Liquen Centro Cultural municipal de Villarrica.\" \/>\n<meta name=\"robots\" content=\"index, follow, max-snippet:-1, max-image-preview:large, max-video-preview:-1\" \/>\n<link rel=\"canonical\" href=\"https:\/\/liquencentroculturalvillarrica.cl\/?page_id=142\" \/>\n<meta property=\"og:locale\" content=\"es_ES\" \/>\n<meta property=\"og:type\" content=\"article\" \/>\n<meta property=\"og:title\" content=\"\u00daltimas noticias de Liquen Centro Cultural\" \/>\n<meta property=\"og:description\" content=\"Ent\u00e9rate de las \u00faltimas noticias sobre las actividades que se desarrollan en Liquen Centro Cultural municipal de Villarrica.\" \/>\n<meta property=\"og:url\" content=\"https:\/\/liquencentroculturalvillarrica.cl\/?page_id=142\" \/>\n<meta property=\"og:site_name\" content=\"Liquen Centro Cultural\" \/>\n<meta property=\"article:publisher\" content=\"https:\/\/www.facebook.com\/profile.php?id=100085283714609\" \/>\n<meta property=\"article:modified_time\" content=\"2025-11-05T16:05:35+00:00\" \/>\n<meta name=\"twitter:card\" content=\"summary_large_image\" \/>\n<script type=\"application\/ld+json\" class=\"yoast-schema-graph\">{\"@context\":\"https:\/\/schema.org\",\"@graph\":[{\"@type\":[\"WebPage\",\"CollectionPage\"],\"@id\":\"https:\/\/liquencentroculturalvillarrica.cl\/?page_id=142\",\"url\":\"https:\/\/liquencentroculturalvillarrica.cl\/?page_id=142\",\"name\":\"\u00daltimas noticias de Liquen Centro Cultural\",\"isPartOf\":{\"@id\":\"https:\/\/liquencentroculturalvillarrica.cl\/#website\"},\"datePublished\":\"2023-06-14T14:08:28+00:00\",\"dateModified\":\"2025-11-05T16:05:35+00:00\",\"description\":\"Ent\u00e9rate de las \u00faltimas noticias sobre las actividades que se desarrollan en Liquen Centro Cultural municipal de Villarrica.\",\"breadcrumb\":{\"@id\":\"https:\/\/liquencentroculturalvillarrica.cl\/?page_id=142#breadcrumb\"},\"inLanguage\":\"es\"},{\"@type\":\"BreadcrumbList\",\"@id\":\"https:\/\/liquencentroculturalvillarrica.cl\/?page_id=142#breadcrumb\",\"itemListElement\":[{\"@type\":\"ListItem\",\"position\":1,\"name\":\"Portada\",\"item\":\"https:\/\/liquencentroculturalvillarrica.cl\/\"},{\"@type\":\"ListItem\",\"position\":2,\"name\":\"Noticias\"}]},{\"@type\":\"WebSite\",\"@id\":\"https:\/\/liquencentroculturalvillarrica.cl\/#website\",\"url\":\"https:\/\/liquencentroculturalvillarrica.cl\/\",\"name\":\"Liquen Centro Cultural\",\"description\":\"\",\"publisher\":{\"@id\":\"https:\/\/liquencentroculturalvillarrica.cl\/#organization\"},\"potentialAction\":[{\"@type\":\"SearchAction\",\"target\":{\"@type\":\"EntryPoint\",\"urlTemplate\":\"https:\/\/liquencentroculturalvillarrica.cl\/?s={search_term_string}\"},\"query-input\":{\"@type\":\"PropertyValueSpecification\",\"valueRequired\":true,\"valueName\":\"search_term_string\"}}],\"inLanguage\":\"es\"},{\"@type\":\"Organization\",\"@id\":\"https:\/\/liquencentroculturalvillarrica.cl\/#organization\",\"name\":\"Liquen Centro Cultural\",\"url\":\"https:\/\/liquencentroculturalvillarrica.cl\/\",\"logo\":{\"@type\":\"ImageObject\",\"inLanguage\":\"es\",\"@id\":\"https:\/\/liquencentroculturalvillarrica.cl\/#\/schema\/logo\/image\/\",\"url\":\"https:\/\/liquencentroculturalvillarrica.cl\/wp-content\/uploads\/2023\/07\/Marca-Liquen-Centro-Cultural-Municipal-Villarrica2-1_Mesa-de-trabajo-1.png\",\"contentUrl\":\"https:\/\/liquencentroculturalvillarrica.cl\/wp-content\/uploads\/2023\/07\/Marca-Liquen-Centro-Cultural-Municipal-Villarrica2-1_Mesa-de-trabajo-1.png\",\"width\":3300,\"height\":2550,\"caption\":\"Liquen Centro Cultural\"},\"image\":{\"@id\":\"https:\/\/liquencentroculturalvillarrica.cl\/#\/schema\/logo\/image\/\"},\"sameAs\":[\"https:\/\/www.facebook.com\/profile.php?id=100085283714609\",\"https:\/\/www.instagram.com\/villarricacentrocultural\/\",\"https:\/\/www.youtube.com\/channel\/UCQCChCLB8KB4ckeIXmpHNQw\"]}]}<\/script>\n<!-- \/ Yoast SEO plugin. -->","yoast_head_json":{"title":"\u00daltimas noticias de Liquen Centro Cultural","description":"Ent\u00e9rate de las \u00faltimas noticias sobre las actividades que se desarrollan en Liquen Centro Cultural municipal de Villarrica.","robots":{"index":"index","follow":"follow","max-snippet":"max-snippet:-1","max-image-preview":"max-image-preview:large","max-video-preview":"max-video-preview:-1"},"canonical":"https:\/\/liquencentroculturalvillarrica.cl\/?page_id=142","og_locale":"es_ES","og_type":"article","og_title":"\u00daltimas noticias de Liquen Centro Cultural","og_description":"Ent\u00e9rate de las \u00faltimas noticias sobre las actividades que se desarrollan en Liquen Centro Cultural municipal de Villarrica.","og_url":"https:\/\/liquencentroculturalvillarrica.cl\/?page_id=142","og_site_name":"Liquen Centro Cultural","article_publisher":"https:\/\/www.facebook.com\/profile.php?id=100085283714609","article_modified_time":"2025-11-05T16:05:35+00:00","twitter_card":"summary_large_image","schema":{"@context":"https:\/\/schema.org","@graph":[{"@type":["WebPage","CollectionPage"],"@id":"https:\/\/liquencentroculturalvillarrica.cl\/?page_id=142","url":"https:\/\/liquencentroculturalvillarrica.cl\/?page_id=142","name":"\u00daltimas noticias de Liquen Centro Cultural","isPartOf":{"@id":"https:\/\/liquencentroculturalvillarrica.cl\/#website"},"datePublished":"2023-06-14T14:08:28+00:00","dateModified":"2025-11-05T16:05:35+00:00","description":"Ent\u00e9rate de las \u00faltimas noticias sobre las actividades que se desarrollan en Liquen Centro Cultural municipal de Villarrica.","breadcrumb":{"@id":"https:\/\/liquencentroculturalvillarrica.cl\/?page_id=142#breadcrumb"},"inLanguage":"es"},{"@type":"BreadcrumbList","@id":"https:\/\/liquencentroculturalvillarrica.cl\/?page_id=142#breadcrumb","itemListElement":[{"@type":"ListItem","position":1,"name":"Portada","item":"https:\/\/liquencentroculturalvillarrica.cl\/"},{"@type":"ListItem","position":2,"name":"Noticias"}]},{"@type":"WebSite","@id":"https:\/\/liquencentroculturalvillarrica.cl\/#website","url":"https:\/\/liquencentroculturalvillarrica.cl\/","name":"Liquen Centro Cultural","description":"","publisher":{"@id":"https:\/\/liquencentroculturalvillarrica.cl\/#organization"},"potentialAction":[{"@type":"SearchAction","target":{"@type":"EntryPoint","urlTemplate":"https:\/\/liquencentroculturalvillarrica.cl\/?s={search_term_string}"},"query-input":{"@type":"PropertyValueSpecification","valueRequired":true,"valueName":"search_term_string"}}],"inLanguage":"es"},{"@type":"Organization","@id":"https:\/\/liquencentroculturalvillarrica.cl\/#organization","name":"Liquen Centro Cultural","url":"https:\/\/liquencentroculturalvillarrica.cl\/","logo":{"@type":"ImageObject","inLanguage":"es","@id":"https:\/\/liquencentroculturalvillarrica.cl\/#\/schema\/logo\/image\/","url":"https:\/\/liquencentroculturalvillarrica.cl\/wp-content\/uploads\/2023\/07\/Marca-Liquen-Centro-Cultural-Municipal-Villarrica2-1_Mesa-de-trabajo-1.png","contentUrl":"https:\/\/liquencentroculturalvillarrica.cl\/wp-content\/uploads\/2023\/07\/Marca-Liquen-Centro-Cultural-Municipal-Villarrica2-1_Mesa-de-trabajo-1.png","width":3300,"height":2550,"caption":"Liquen Centro Cultural"},"image":{"@id":"https:\/\/liquencentroculturalvillarrica.cl\/#\/schema\/logo\/image\/"},"sameAs":["https:\/\/www.facebook.com\/profile.php?id=100085283714609","https:\/\/www.instagram.com\/villarricacentrocultural\/","https:\/\/www.youtube.com\/channel\/UCQCChCLB8KB4ckeIXmpHNQw"]}]}},"featured_image_src":null,"featured_image_src_square":null,"_links":{"self":[{"href":"https:\/\/liquencentroculturalvillarrica.cl\/index.php?rest_route=\/wp\/v2\/pages\/142","targetHints":{"allow":["GET"]}}],"collection":[{"href":"https:\/\/liquencentroculturalvillarrica.cl\/index.php?rest_route=\/wp\/v2\/pages"}],"about":[{"href":"https:\/\/liquencentroculturalvillarrica.cl\/index.php?rest_route=\/wp\/v2\/types\/page"}],"author":[{"embeddable":true,"href":"https:\/\/liquencentroculturalvillarrica.cl\/index.php?rest_route=\/wp\/v2\/users\/1"}],"replies":[{"embeddable":true,"href":"https:\/\/liquencentroculturalvillarrica.cl\/index.php?rest_route=%2Fwp%2Fv2%2Fcomments&post=142"}],"version-history":[{"count":12,"href":"https:\/\/liquencentroculturalvillarrica.cl\/index.php?rest_route=\/wp\/v2\/pages\/142\/revisions"}],"predecessor-version":[{"id":2929,"href":"https:\/\/liquencentroculturalvillarrica.cl\/index.php?rest_route=\/wp\/v2\/pages\/142\/revisions\/2929"}],"wp:attachment":[{"href":"https:\/\/liquencentroculturalvillarrica.cl\/index.php?rest_route=%2Fwp%2Fv2%2Fmedia&parent=142"}],"curies":[{"name":"wp","href":"https:\/\/api.w.org\/{rel}","templated":true}]}}