{"id":119,"date":"2023-06-14T12:33:51","date_gmt":"2023-06-14T12:33:51","guid":{"rendered":"https:\/\/jmical.cl\/wp\/?page_id=119"},"modified":"2026-03-17T20:00:35","modified_gmt":"2026-03-17T20:00:35","slug":"servicios-y-solicitudes-2","status":"publish","type":"page","link":"https:\/\/liquencentroculturalvillarrica.cl\/?page_id=119","title":{"rendered":"Servicios y solicitudes"},"content":{"rendered":"\n<div style=\"height:70px\" aria-hidden=\"true\" class=\"wp-block-spacer\"><\/div>\n\n\n\n<h1 class=\"wp-block-heading alignwide has-text-align-center\"><mark style=\"background-color:rgba(0, 0, 0, 0)\" class=\"has-inline-color has-neve-link-color-color\">SERVICIOS Y SOLICITUDES<\/mark><\/h1>\n\n\n\n<hr class=\"wp-block-separator alignwide has-text-color has-nv-light-bg-color has-alpha-channel-opacity has-nv-light-bg-background-color has-background\"\/>\n\n\n\n<div class=\"wp-block-columns alignwide is-layout-flex wp-container-core-columns-is-layout-9d6595d7 wp-block-columns-is-layout-flex\">\n<div class=\"wp-block-column is-layout-flow wp-block-column-is-layout-flow\" style=\"flex-basis:66.66%\">\n<h3 class=\"wp-block-heading\"><mark style=\"background-color:rgba(0, 0, 0, 0)\" class=\"has-inline-color has-neve-link-hover-color-color\">Solicitud de espacios<\/mark><\/h3>\n\n\n\n<p>Para iniciar un proceso de solicitud de espacio, planteamiento de nuevos talleres, u otro tipo de solicitud; primeramente ponte en contacto con nosotros, consulta por disponibilidad y agenda una hora para llegar a acuerdos.<br>Ten en cuenta que este proceso puede demorar seg\u00fan la disponibilidad que tengamos.<br>A continuaci\u00f3n se mencionan aspectos b\u00e1sicos a considerar:<\/p>\n<\/div>\n\n\n\n<div class=\"wp-block-column is-vertically-aligned-top is-layout-flow wp-block-column-is-layout-flow\" style=\"flex-basis:33.33%\">\n<div style=\"height:50px\" aria-hidden=\"true\" class=\"wp-block-spacer\"><\/div>\n\n\n\n<h5 class=\"wp-block-heading has-text-align-center\"><strong><mark style=\"background-color:rgba(0, 0, 0, 0)\" class=\"has-inline-color has-neve-link-hover-color-color\">CONTACTO<\/mark><\/strong><\/h5>\n\n\n\n<div class=\"wp-block-group is-vertical is-content-justification-center is-layout-flex wp-container-core-group-is-layout-4b2eccd6 wp-block-group-is-layout-flex\">\n<figure class=\"wp-block-image size-full\"><img loading=\"lazy\" decoding=\"async\" width=\"36\" height=\"36\" src=\"https:\/\/liquencentroculturalvillarrica.cl\/wp-content\/uploads\/2023\/10\/phone-solid-24.png\" alt=\"\" class=\"wp-image-1520\"\/><\/figure>\n\n\n\n<div style=\"height:10px\" aria-hidden=\"true\" class=\"wp-block-spacer wp-container-content-728072c3\"><\/div>\n\n\n\n<p><strong>+56 9 7493 6797<\/strong><\/p>\n<\/div>\n\n\n\n<div style=\"height:50px\" aria-hidden=\"true\" class=\"wp-block-spacer\"><\/div>\n<\/div>\n<\/div>\n\n\n\n<div class=\"wp-block-columns alignwide is-layout-flex wp-container-core-columns-is-layout-9d6595d7 wp-block-columns-is-layout-flex\">\n<div class=\"wp-block-column is-layout-flow wp-block-column-is-layout-flow\">\n<h2 class=\"wp-block-heading\"><mark style=\"background-color:rgba(0, 0, 0, 0)\" class=\"has-inline-color has-neve-link-color-color\">1.<\/mark><\/h2>\n\n\n\n<h5 class=\"wp-block-heading\"><mark style=\"background-color:rgba(0, 0, 0, 0)\" class=\"has-inline-color has-neve-link-hover-color-color\"><strong>Presenta tu proyecto.<\/strong><\/mark><\/h5>\n\n\n\n<p>Para presentar un proyecto debes enviar un correo con la descripci\u00f3n de la actividad a proponer. Adjunta un portafolio, dossier o apoyo audiovisual que complemente el proyecto. Se solicitar\u00e1 curr\u00edculum o certificado que respalden su \u00e1rea. <\/p>\n\n\n\n<p>Debes enviar v\u00eda mail a: <\/p>\n\n\n\n<h6 class=\"wp-block-heading\"><strong>encargadocultura@munivillarrica.cl<\/strong><\/h6>\n\n\n\n<p>Con copia a:<\/p>\n\n\n\n<h6 class=\"wp-block-heading\"><strong>centrocultural@munivillarrica.cl<\/strong><\/h6>\n<\/div>\n\n\n\n<div class=\"wp-block-column is-layout-flow wp-block-column-is-layout-flow\">\n<h2 class=\"wp-block-heading\"><mark style=\"background-color:rgba(0, 0, 0, 0)\" class=\"has-inline-color has-neve-link-color-color\">2.<\/mark><\/h2>\n\n\n\n<h5 class=\"wp-block-heading\"><mark style=\"background-color:rgba(0, 0, 0, 0)\" class=\"has-inline-color has-neve-link-hover-color-color\"><strong>Recibe nuestro formulario.<\/strong><\/mark><\/h5>\n\n\n\n<p>Al iniciar la solicitud te enviaremos un formulario en donde deber\u00e1s completar la informaci\u00f3n solicitada.<\/p>\n\n\n\n<p>Descarga el formulario aqu\u00ed.<\/p>\n\n\n\n<div class=\"wp-block-buttons is-layout-flex wp-block-buttons-is-layout-flex\">\n<div class=\"wp-block-button is-style-primary\"><a class=\"wp-block-button__link wp-element-button\" href=\"https:\/\/liquencentroculturalvillarrica.cl\/wp-content\/uploads\/2025\/04\/Formulario-solicitud-uso-espacios-Liquen.docx\">Descargar formulario<\/a><\/div>\n<\/div>\n<\/div>\n\n\n\n<div class=\"wp-block-column is-layout-flow wp-block-column-is-layout-flow\">\n<h2 class=\"wp-block-heading\"><mark style=\"background-color:rgba(0, 0, 0, 0)\" class=\"has-inline-color has-neve-link-color-color\">3.<\/mark><\/h2>\n\n\n\n<h5 class=\"wp-block-heading\"><mark style=\"background-color:rgba(0, 0, 0, 0)\" class=\"has-inline-color has-neve-link-hover-color-color\"><strong>Lee nuestro reglamento.<\/strong><\/mark><\/h5>\n\n\n\n<p>Antes de finalizar este proceso debes leer nuestro reglamento para el uso de espacios.<\/p>\n\n\n\n<p>Descarga el reglamento aqu\u00ed. <\/p>\n\n\n\n<div class=\"wp-block-buttons is-content-justification-center is-layout-flex wp-container-core-buttons-is-layout-28206b41 wp-block-buttons-is-layout-flex\">\n<div class=\"wp-block-button is-style-primary\"><a class=\"wp-block-button__link wp-element-button\" href=\"https:\/\/liquencentroculturalvillarrica.cl\/wp-content\/uploads\/2026\/03\/Reglamento-Liquen-2026.pdf\" target=\"_blank\" rel=\"noreferrer noopener\">Descargar reglamento<\/a><\/div>\n<\/div>\n<\/div>\n<\/div>\n\n\n\n<h5 class=\"wp-block-heading alignwide has-text-align-center\"><mark style=\"background-color:rgba(0, 0, 0, 0)\" class=\"has-inline-color has-neve-link-hover-color-color\"><strong>\u00a1Realiza tu actividad!<\/strong><\/mark><\/h5>\n\n\n\n<div style=\"height:40px\" aria-hidden=\"true\" class=\"wp-block-spacer\"><\/div>\n\n\n\n<hr class=\"wp-block-separator alignwide has-text-color has-nv-light-bg-color has-alpha-channel-opacity has-nv-light-bg-background-color has-background\"\/>\n\n\n\n<div style=\"height:40px\" aria-hidden=\"true\" class=\"wp-block-spacer\"><\/div>\n\n\n\n<div class=\"wp-block-columns alignwide is-layout-flex wp-container-core-columns-is-layout-9d6595d7 wp-block-columns-is-layout-flex\">\n<div class=\"wp-block-column is-layout-flow wp-block-column-is-layout-flow\">\n<div style=\"height:40px\" aria-hidden=\"true\" class=\"wp-block-spacer\"><\/div>\n\n\n<div class=\"wp-block-image\">\n<figure class=\"aligncenter size-full is-resized\"><a href=\"https:\/\/liquencentroculturalvillarrica.cl\/?page_id=174\"><img loading=\"lazy\" decoding=\"async\" width=\"994\" height=\"994\" src=\"https:\/\/liquencentroculturalvillarrica.cl\/wp-content\/uploads\/2023\/10\/talleres.png\" alt=\"\" class=\"wp-image-1354\" style=\"width:202px\" srcset=\"https:\/\/liquencentroculturalvillarrica.cl\/wp-content\/uploads\/2023\/10\/talleres.png 994w, https:\/\/liquencentroculturalvillarrica.cl\/wp-content\/uploads\/2023\/10\/talleres-300x300.png 300w, https:\/\/liquencentroculturalvillarrica.cl\/wp-content\/uploads\/2023\/10\/talleres-150x150.png 150w, https:\/\/liquencentroculturalvillarrica.cl\/wp-content\/uploads\/2023\/10\/talleres-768x768.png 768w\" sizes=\"auto, (max-width: 994px) 100vw, 994px\" \/><\/a><\/figure>\n<\/div>\n\n\n<div style=\"height:50px\" aria-hidden=\"true\" class=\"wp-block-spacer\"><\/div>\n\n\n\n<div class=\"wp-block-buttons is-content-justification-center is-layout-flex wp-container-core-buttons-is-layout-16018d1d wp-block-buttons-is-layout-flex\">\n<div class=\"wp-block-button is-style-primary\"><a class=\"wp-block-button__link wp-element-button\" href=\"https:\/\/liquencentroculturalvillarrica.cl\/?page_id=174\">QUIENES SOMOS<\/a><\/div>\n<\/div>\n<\/div>\n\n\n\n<div class=\"wp-block-column is-layout-flow wp-block-column-is-layout-flow\">\n<div style=\"height:40px\" aria-hidden=\"true\" class=\"wp-block-spacer\"><\/div>\n\n\n<div class=\"wp-block-image\">\n<figure class=\"aligncenter size-full is-resized\"><a href=\"https:\/\/liquencentroculturalvillarrica.cl\/?page_id=523\"><img loading=\"lazy\" decoding=\"async\" width=\"994\" height=\"994\" src=\"https:\/\/liquencentroculturalvillarrica.cl\/wp-content\/uploads\/2023\/10\/Recurso-10.png\" alt=\"\" class=\"wp-image-1357\" style=\"width:202px\" srcset=\"https:\/\/liquencentroculturalvillarrica.cl\/wp-content\/uploads\/2023\/10\/Recurso-10.png 994w, https:\/\/liquencentroculturalvillarrica.cl\/wp-content\/uploads\/2023\/10\/Recurso-10-300x300.png 300w, https:\/\/liquencentroculturalvillarrica.cl\/wp-content\/uploads\/2023\/10\/Recurso-10-150x150.png 150w, https:\/\/liquencentroculturalvillarrica.cl\/wp-content\/uploads\/2023\/10\/Recurso-10-768x768.png 768w\" sizes=\"auto, (max-width: 994px) 100vw, 994px\" \/><\/a><\/figure>\n<\/div>\n\n\n<div style=\"height:50px\" aria-hidden=\"true\" class=\"wp-block-spacer\"><\/div>\n\n\n\n<div class=\"wp-block-buttons is-content-justification-center is-layout-flex wp-container-core-buttons-is-layout-16018d1d wp-block-buttons-is-layout-flex\">\n<div class=\"wp-block-button is-style-primary\"><a class=\"wp-block-button__link wp-element-button\" href=\"https:\/\/liquencentroculturalvillarrica.cl\/?page_id=523\">PREGUNTAS FRECUENTES<\/a><\/div>\n<\/div>\n<\/div>\n\n\n\n<div class=\"wp-block-column is-layout-flow wp-block-column-is-layout-flow\">\n<div style=\"height:40px\" aria-hidden=\"true\" class=\"wp-block-spacer\"><\/div>\n\n\n<div class=\"wp-block-image\">\n<figure class=\"aligncenter size-full is-resized\"><a href=\"https:\/\/liquencentroculturalvillarrica.cl\/?page_id=177\"><img loading=\"lazy\" decoding=\"async\" width=\"994\" height=\"994\" src=\"https:\/\/liquencentroculturalvillarrica.cl\/wp-content\/uploads\/2023\/10\/Recurso-11.png\" alt=\"\" class=\"wp-image-1358\" style=\"width:202px\" srcset=\"https:\/\/liquencentroculturalvillarrica.cl\/wp-content\/uploads\/2023\/10\/Recurso-11.png 994w, https:\/\/liquencentroculturalvillarrica.cl\/wp-content\/uploads\/2023\/10\/Recurso-11-300x300.png 300w, https:\/\/liquencentroculturalvillarrica.cl\/wp-content\/uploads\/2023\/10\/Recurso-11-150x150.png 150w, https:\/\/liquencentroculturalvillarrica.cl\/wp-content\/uploads\/2023\/10\/Recurso-11-768x768.png 768w\" sizes=\"auto, (max-width: 994px) 100vw, 994px\" \/><\/a><\/figure>\n<\/div>\n\n\n<div style=\"height:50px\" aria-hidden=\"true\" class=\"wp-block-spacer\"><\/div>\n\n\n\n<div class=\"wp-block-buttons is-content-justification-center is-layout-flex wp-container-core-buttons-is-layout-16018d1d wp-block-buttons-is-layout-flex\">\n<div class=\"wp-block-button is-style-primary\"><a class=\"wp-block-button__link wp-element-button\" href=\"https:\/\/liquencentroculturalvillarrica.cl\/?page_id=177\">INFORMACI\u00d3N PR\u00c1CTICA<\/a><\/div>\n<\/div>\n<\/div>\n<\/div>\n\n\n\n<div style=\"height:80px\" aria-hidden=\"true\" class=\"wp-block-spacer\"><\/div>\n\n\n\n<hr class=\"wp-block-separator alignwide has-text-color has-nv-light-bg-color has-alpha-channel-opacity has-nv-light-bg-background-color has-background\"\/>\n\n\n\n<div style=\"height:80px\" aria-hidden=\"true\" class=\"wp-block-spacer\"><\/div>\n\n\n\n<div class=\"wp-block-columns alignwide is-layout-flex wp-container-core-columns-is-layout-9d6595d7 wp-block-columns-is-layout-flex\">\n<div class=\"wp-block-column is-layout-flow wp-block-column-is-layout-flow\"><div class=\"wp-block-image\">\n<figure class=\"alignleft size-large is-resized\"><a href=\"https:\/\/www.munivillarrica.cl\/\" target=\"_blank\" rel=\"noreferrer noopener\"><img loading=\"lazy\" decoding=\"async\" width=\"1024\" height=\"392\" src=\"https:\/\/liquencentroculturalvillarrica.cl\/wp-content\/uploads\/2023\/08\/aplicaciones_horizontal_VIM-01-1024x392.png\" alt=\"\" class=\"wp-image-679\" style=\"width:300px\" srcset=\"https:\/\/liquencentroculturalvillarrica.cl\/wp-content\/uploads\/2023\/08\/aplicaciones_horizontal_VIM-01-1024x392.png 1024w, https:\/\/liquencentroculturalvillarrica.cl\/wp-content\/uploads\/2023\/08\/aplicaciones_horizontal_VIM-01-300x115.png 300w, https:\/\/liquencentroculturalvillarrica.cl\/wp-content\/uploads\/2023\/08\/aplicaciones_horizontal_VIM-01-768x294.png 768w, https:\/\/liquencentroculturalvillarrica.cl\/wp-content\/uploads\/2023\/08\/aplicaciones_horizontal_VIM-01-1536x587.png 1536w, https:\/\/liquencentroculturalvillarrica.cl\/wp-content\/uploads\/2023\/08\/aplicaciones_horizontal_VIM-01-2048x783.png 2048w\" sizes=\"auto, (max-width: 1024px) 100vw, 1024px\" \/><\/a><\/figure>\n<\/div><\/div>\n\n\n\n<div class=\"wp-block-column is-layout-flow wp-block-column-is-layout-flow\"><div class=\"wp-block-image\">\n<figure class=\"alignright size-full is-resized\"><img loading=\"lazy\" decoding=\"async\" width=\"870\" height=\"274\" src=\"https:\/\/liquencentroculturalvillarrica.cl\/wp-content\/uploads\/2023\/09\/Recurso-1.png\" alt=\"\" class=\"wp-image-1124\" style=\"width:300px\" srcset=\"https:\/\/liquencentroculturalvillarrica.cl\/wp-content\/uploads\/2023\/09\/Recurso-1.png 870w, https:\/\/liquencentroculturalvillarrica.cl\/wp-content\/uploads\/2023\/09\/Recurso-1-300x94.png 300w, https:\/\/liquencentroculturalvillarrica.cl\/wp-content\/uploads\/2023\/09\/Recurso-1-768x242.png 768w\" sizes=\"auto, (max-width: 870px) 100vw, 870px\" \/><\/figure>\n<\/div><\/div>\n<\/div>\n\n\n\n<figure class=\"wp-block-image alignfull size-large\"><img loading=\"lazy\" decoding=\"async\" width=\"1024\" height=\"25\" src=\"https:\/\/liquencentroculturalvillarrica.cl\/wp-content\/uploads\/2023\/07\/Recurso-1-1024x25.png\" alt=\"\" class=\"wp-image-331\" srcset=\"https:\/\/liquencentroculturalvillarrica.cl\/wp-content\/uploads\/2023\/07\/Recurso-1-1024x25.png 1024w, https:\/\/liquencentroculturalvillarrica.cl\/wp-content\/uploads\/2023\/07\/Recurso-1-300x7.png 300w, https:\/\/liquencentroculturalvillarrica.cl\/wp-content\/uploads\/2023\/07\/Recurso-1-768x19.png 768w, https:\/\/liquencentroculturalvillarrica.cl\/wp-content\/uploads\/2023\/07\/Recurso-1.png 1350w\" sizes=\"auto, (max-width: 1024px) 100vw, 1024px\" \/><\/figure>\n","protected":false},"excerpt":{"rendered":"<p>SERVICIOS Y SOLICITUDES Solicitud de espacios Para iniciar un proceso de solicitud de espacio, planteamiento de nuevos talleres, u otro tipo de solicitud; primeramente ponte en contacto con nosotros, consulta por disponibilidad y agenda una hora para llegar a acuerdos.Ten en cuenta que este proceso puede demorar seg\u00fan la disponibilidad que tengamos.A continuaci\u00f3n se mencionan&hellip;&nbsp;<a href=\"https:\/\/liquencentroculturalvillarrica.cl\/?page_id=119\" rel=\"bookmark\">Leer m\u00e1s &raquo;<span class=\"screen-reader-text\">Servicios y solicitudes<\/span><\/a><\/p>\n","protected":false},"author":1,"featured_media":0,"parent":0,"menu_order":0,"comment_status":"closed","ping_status":"closed","template":"","meta":{"neve_meta_sidebar":"","neve_meta_container":"","neve_meta_enable_content_width":"","neve_meta_content_width":0,"neve_meta_title_alignment":"","neve_meta_author_avatar":"","neve_post_elements_order":"","neve_meta_disable_header":"","neve_meta_disable_footer":"","neve_meta_disable_title":"","footnotes":""},"class_list":["post-119","page","type-page","status-publish","hentry"],"yoast_head":"<!-- This site is optimized with the Yoast SEO plugin v26.7 - https:\/\/yoast.com\/wordpress\/plugins\/seo\/ -->\n<title>Servicios y solicitudes - Liquen Centro Cultural<\/title>\n<meta name=\"robots\" content=\"index, follow, max-snippet:-1, max-image-preview:large, max-video-preview:-1\" \/>\n<link rel=\"canonical\" href=\"https:\/\/liquencentroculturalvillarrica.cl\/?page_id=119\" \/>\n<meta property=\"og:locale\" content=\"es_ES\" \/>\n<meta property=\"og:type\" content=\"article\" \/>\n<meta property=\"og:title\" content=\"Servicios y solicitudes - Liquen Centro Cultural\" \/>\n<meta property=\"og:description\" content=\"SERVICIOS Y SOLICITUDES Solicitud de espacios Para iniciar un proceso de solicitud de espacio, planteamiento de nuevos talleres, u otro tipo de solicitud; primeramente ponte en contacto con nosotros, consulta por disponibilidad y agenda una hora para llegar a acuerdos.Ten en cuenta que este proceso puede demorar seg\u00fan la disponibilidad que tengamos.A continuaci\u00f3n se mencionan&hellip;&nbsp;Leer m\u00e1s &raquo;Servicios y solicitudes\" \/>\n<meta property=\"og:url\" content=\"https:\/\/liquencentroculturalvillarrica.cl\/?page_id=119\" \/>\n<meta property=\"og:site_name\" content=\"Liquen Centro Cultural\" \/>\n<meta property=\"article:publisher\" content=\"https:\/\/www.facebook.com\/profile.php?id=100085283714609\" \/>\n<meta property=\"article:modified_time\" content=\"2026-03-17T20:00:35+00:00\" \/>\n<meta property=\"og:image\" content=\"http:\/\/liquencentroculturalvillarrica.cl\/wp-content\/uploads\/2023\/10\/phone-solid-24.png\" \/>\n<meta name=\"twitter:card\" content=\"summary_large_image\" \/>\n<meta name=\"twitter:label1\" content=\"Tiempo de lectura\" \/>\n\t<meta name=\"twitter:data1\" content=\"3 minutos\" \/>\n<script type=\"application\/ld+json\" class=\"yoast-schema-graph\">{\"@context\":\"https:\/\/schema.org\",\"@graph\":[{\"@type\":\"WebPage\",\"@id\":\"https:\/\/liquencentroculturalvillarrica.cl\/?page_id=119\",\"url\":\"https:\/\/liquencentroculturalvillarrica.cl\/?page_id=119\",\"name\":\"Servicios y solicitudes - Liquen Centro Cultural\",\"isPartOf\":{\"@id\":\"https:\/\/liquencentroculturalvillarrica.cl\/#website\"},\"primaryImageOfPage\":{\"@id\":\"https:\/\/liquencentroculturalvillarrica.cl\/?page_id=119#primaryimage\"},\"image\":{\"@id\":\"https:\/\/liquencentroculturalvillarrica.cl\/?page_id=119#primaryimage\"},\"thumbnailUrl\":\"http:\/\/liquencentroculturalvillarrica.cl\/wp-content\/uploads\/2023\/10\/phone-solid-24.png\",\"datePublished\":\"2023-06-14T12:33:51+00:00\",\"dateModified\":\"2026-03-17T20:00:35+00:00\",\"breadcrumb\":{\"@id\":\"https:\/\/liquencentroculturalvillarrica.cl\/?page_id=119#breadcrumb\"},\"inLanguage\":\"es\",\"potentialAction\":[{\"@type\":\"ReadAction\",\"target\":[\"https:\/\/liquencentroculturalvillarrica.cl\/?page_id=119\"]}]},{\"@type\":\"ImageObject\",\"inLanguage\":\"es\",\"@id\":\"https:\/\/liquencentroculturalvillarrica.cl\/?page_id=119#primaryimage\",\"url\":\"http:\/\/liquencentroculturalvillarrica.cl\/wp-content\/uploads\/2023\/10\/phone-solid-24.png\",\"contentUrl\":\"http:\/\/liquencentroculturalvillarrica.cl\/wp-content\/uploads\/2023\/10\/phone-solid-24.png\"},{\"@type\":\"BreadcrumbList\",\"@id\":\"https:\/\/liquencentroculturalvillarrica.cl\/?page_id=119#breadcrumb\",\"itemListElement\":[{\"@type\":\"ListItem\",\"position\":1,\"name\":\"Portada\",\"item\":\"https:\/\/liquencentroculturalvillarrica.cl\/\"},{\"@type\":\"ListItem\",\"position\":2,\"name\":\"Servicios y solicitudes\"}]},{\"@type\":\"WebSite\",\"@id\":\"https:\/\/liquencentroculturalvillarrica.cl\/#website\",\"url\":\"https:\/\/liquencentroculturalvillarrica.cl\/\",\"name\":\"Liquen Centro Cultural\",\"description\":\"\",\"publisher\":{\"@id\":\"https:\/\/liquencentroculturalvillarrica.cl\/#organization\"},\"potentialAction\":[{\"@type\":\"SearchAction\",\"target\":{\"@type\":\"EntryPoint\",\"urlTemplate\":\"https:\/\/liquencentroculturalvillarrica.cl\/?s={search_term_string}\"},\"query-input\":{\"@type\":\"PropertyValueSpecification\",\"valueRequired\":true,\"valueName\":\"search_term_string\"}}],\"inLanguage\":\"es\"},{\"@type\":\"Organization\",\"@id\":\"https:\/\/liquencentroculturalvillarrica.cl\/#organization\",\"name\":\"Liquen Centro Cultural\",\"url\":\"https:\/\/liquencentroculturalvillarrica.cl\/\",\"logo\":{\"@type\":\"ImageObject\",\"inLanguage\":\"es\",\"@id\":\"https:\/\/liquencentroculturalvillarrica.cl\/#\/schema\/logo\/image\/\",\"url\":\"https:\/\/liquencentroculturalvillarrica.cl\/wp-content\/uploads\/2023\/07\/Marca-Liquen-Centro-Cultural-Municipal-Villarrica2-1_Mesa-de-trabajo-1.png\",\"contentUrl\":\"https:\/\/liquencentroculturalvillarrica.cl\/wp-content\/uploads\/2023\/07\/Marca-Liquen-Centro-Cultural-Municipal-Villarrica2-1_Mesa-de-trabajo-1.png\",\"width\":3300,\"height\":2550,\"caption\":\"Liquen Centro Cultural\"},\"image\":{\"@id\":\"https:\/\/liquencentroculturalvillarrica.cl\/#\/schema\/logo\/image\/\"},\"sameAs\":[\"https:\/\/www.facebook.com\/profile.php?id=100085283714609\",\"https:\/\/www.instagram.com\/villarricacentrocultural\/\",\"https:\/\/www.youtube.com\/channel\/UCQCChCLB8KB4ckeIXmpHNQw\"]}]}<\/script>\n<!-- \/ Yoast SEO plugin. -->","yoast_head_json":{"title":"Servicios y solicitudes - Liquen Centro Cultural","robots":{"index":"index","follow":"follow","max-snippet":"max-snippet:-1","max-image-preview":"max-image-preview:large","max-video-preview":"max-video-preview:-1"},"canonical":"https:\/\/liquencentroculturalvillarrica.cl\/?page_id=119","og_locale":"es_ES","og_type":"article","og_title":"Servicios y solicitudes - Liquen Centro Cultural","og_description":"SERVICIOS Y SOLICITUDES Solicitud de espacios Para iniciar un proceso de solicitud de espacio, planteamiento de nuevos talleres, u otro tipo de solicitud; primeramente ponte en contacto con nosotros, consulta por disponibilidad y agenda una hora para llegar a acuerdos.Ten en cuenta que este proceso puede demorar seg\u00fan la disponibilidad que tengamos.A continuaci\u00f3n se mencionan&hellip;&nbsp;Leer m\u00e1s &raquo;Servicios y solicitudes","og_url":"https:\/\/liquencentroculturalvillarrica.cl\/?page_id=119","og_site_name":"Liquen Centro Cultural","article_publisher":"https:\/\/www.facebook.com\/profile.php?id=100085283714609","article_modified_time":"2026-03-17T20:00:35+00:00","og_image":[{"url":"http:\/\/liquencentroculturalvillarrica.cl\/wp-content\/uploads\/2023\/10\/phone-solid-24.png","type":"","width":"","height":""}],"twitter_card":"summary_large_image","twitter_misc":{"Tiempo de lectura":"3 minutos"},"schema":{"@context":"https:\/\/schema.org","@graph":[{"@type":"WebPage","@id":"https:\/\/liquencentroculturalvillarrica.cl\/?page_id=119","url":"https:\/\/liquencentroculturalvillarrica.cl\/?page_id=119","name":"Servicios y solicitudes - Liquen Centro Cultural","isPartOf":{"@id":"https:\/\/liquencentroculturalvillarrica.cl\/#website"},"primaryImageOfPage":{"@id":"https:\/\/liquencentroculturalvillarrica.cl\/?page_id=119#primaryimage"},"image":{"@id":"https:\/\/liquencentroculturalvillarrica.cl\/?page_id=119#primaryimage"},"thumbnailUrl":"http:\/\/liquencentroculturalvillarrica.cl\/wp-content\/uploads\/2023\/10\/phone-solid-24.png","datePublished":"2023-06-14T12:33:51+00:00","dateModified":"2026-03-17T20:00:35+00:00","breadcrumb":{"@id":"https:\/\/liquencentroculturalvillarrica.cl\/?page_id=119#breadcrumb"},"inLanguage":"es","potentialAction":[{"@type":"ReadAction","target":["https:\/\/liquencentroculturalvillarrica.cl\/?page_id=119"]}]},{"@type":"ImageObject","inLanguage":"es","@id":"https:\/\/liquencentroculturalvillarrica.cl\/?page_id=119#primaryimage","url":"http:\/\/liquencentroculturalvillarrica.cl\/wp-content\/uploads\/2023\/10\/phone-solid-24.png","contentUrl":"http:\/\/liquencentroculturalvillarrica.cl\/wp-content\/uploads\/2023\/10\/phone-solid-24.png"},{"@type":"BreadcrumbList","@id":"https:\/\/liquencentroculturalvillarrica.cl\/?page_id=119#breadcrumb","itemListElement":[{"@type":"ListItem","position":1,"name":"Portada","item":"https:\/\/liquencentroculturalvillarrica.cl\/"},{"@type":"ListItem","position":2,"name":"Servicios y solicitudes"}]},{"@type":"WebSite","@id":"https:\/\/liquencentroculturalvillarrica.cl\/#website","url":"https:\/\/liquencentroculturalvillarrica.cl\/","name":"Liquen Centro Cultural","description":"","publisher":{"@id":"https:\/\/liquencentroculturalvillarrica.cl\/#organization"},"potentialAction":[{"@type":"SearchAction","target":{"@type":"EntryPoint","urlTemplate":"https:\/\/liquencentroculturalvillarrica.cl\/?s={search_term_string}"},"query-input":{"@type":"PropertyValueSpecification","valueRequired":true,"valueName":"search_term_string"}}],"inLanguage":"es"},{"@type":"Organization","@id":"https:\/\/liquencentroculturalvillarrica.cl\/#organization","name":"Liquen Centro Cultural","url":"https:\/\/liquencentroculturalvillarrica.cl\/","logo":{"@type":"ImageObject","inLanguage":"es","@id":"https:\/\/liquencentroculturalvillarrica.cl\/#\/schema\/logo\/image\/","url":"https:\/\/liquencentroculturalvillarrica.cl\/wp-content\/uploads\/2023\/07\/Marca-Liquen-Centro-Cultural-Municipal-Villarrica2-1_Mesa-de-trabajo-1.png","contentUrl":"https:\/\/liquencentroculturalvillarrica.cl\/wp-content\/uploads\/2023\/07\/Marca-Liquen-Centro-Cultural-Municipal-Villarrica2-1_Mesa-de-trabajo-1.png","width":3300,"height":2550,"caption":"Liquen Centro Cultural"},"image":{"@id":"https:\/\/liquencentroculturalvillarrica.cl\/#\/schema\/logo\/image\/"},"sameAs":["https:\/\/www.facebook.com\/profile.php?id=100085283714609","https:\/\/www.instagram.com\/villarricacentrocultural\/","https:\/\/www.youtube.com\/channel\/UCQCChCLB8KB4ckeIXmpHNQw"]}]}},"featured_image_src":null,"featured_image_src_square":null,"_links":{"self":[{"href":"https:\/\/liquencentroculturalvillarrica.cl\/index.php?rest_route=\/wp\/v2\/pages\/119","targetHints":{"allow":["GET"]}}],"collection":[{"href":"https:\/\/liquencentroculturalvillarrica.cl\/index.php?rest_route=\/wp\/v2\/pages"}],"about":[{"href":"https:\/\/liquencentroculturalvillarrica.cl\/index.php?rest_route=\/wp\/v2\/types\/page"}],"author":[{"embeddable":true,"href":"https:\/\/liquencentroculturalvillarrica.cl\/index.php?rest_route=\/wp\/v2\/users\/1"}],"replies":[{"embeddable":true,"href":"https:\/\/liquencentroculturalvillarrica.cl\/index.php?rest_route=%2Fwp%2Fv2%2Fcomments&post=119"}],"version-history":[{"count":61,"href":"https:\/\/liquencentroculturalvillarrica.cl\/index.php?rest_route=\/wp\/v2\/pages\/119\/revisions"}],"predecessor-version":[{"id":4449,"href":"https:\/\/liquencentroculturalvillarrica.cl\/index.php?rest_route=\/wp\/v2\/pages\/119\/revisions\/4449"}],"wp:attachment":[{"href":"https:\/\/liquencentroculturalvillarrica.cl\/index.php?rest_route=%2Fwp%2Fv2%2Fmedia&parent=119"}],"curies":[{"name":"wp","href":"https:\/\/api.w.org\/{rel}","templated":true}]}}